{"id":1327,"date":"2025-04-21T12:02:30","date_gmt":"2025-04-21T11:02:30","guid":{"rendered":"https:\/\/www.kekec.rs\/?post_type=product&#038;p=1327"},"modified":"2025-04-21T12:19:13","modified_gmt":"2025-04-21T11:19:13","slug":"kidolino-mini-joy-glitter-8-1","status":"publish","type":"product","link":"https:\/\/www.kekec.rs\/en\/product\/kidolino-mini-joy-glitter-8-1\/","title":{"rendered":"Kidolino Mini Joy Glitter 8\/1"},"content":{"rendered":"<p>Kidolino is a soft modelling compound intended for children, young learners, but it can also be used by those who enjoy art and creative projects. Its fine structure allows easy modelling and promotes development of children\u2019s motor skills. Kidolino modelling compound is an ecological product, non-toxic and made of natural materials. Kidolino can be mixed to obtain different colors or shades of the existing colors. Kidolino air-dries, so it should be kept in a hermetically sealed packaging.<\/p>","protected":false},"excerpt":{"rendered":"<ul>\n<li>8 boje<\/li>\n<li>Te\u017eina 480g<\/li>\n<li>Super soft compound<\/li>\n<li>Easily modelled<\/li>\n<li>Pleasant smell<\/li>\n<li>It does not stick to fingers<\/li>\n<li>Color does not transfer to fingers<\/li>\n<li>Colors can be mixed<\/li>\n<li>Air-dries<\/li>\n<li>Non-toxic<\/li>\n<li>Intended for children over 3 years of age and young learners<\/li>\n<\/ul>","protected":false},"featured_media":1328,"comment_status":"open","ping_status":"closed","template":"","meta":{"_et_pb_use_builder":"","_et_pb_old_content":"","_et_gb_content_width":"","inline_featured_image":false},"product_brand":[],"product_cat":[19],"product_tag":[],"class_list":{"0":"post-1327","1":"product","2":"type-product","3":"status-publish","4":"has-post-thumbnail","6":"product_cat-kidolino","8":"first","9":"instock","10":"shipping-taxable","11":"product-type-simple"},"acf":[],"yoast_head":"<!-- This site is optimized with the Yoast SEO plugin v27.4 - https:\/\/yoast.com\/product\/yoast-seo-wordpress\/ -->\n<title>Kidolino Mini Joy Glitter 8\/1 - Kekec<\/title>\n<meta name=\"robots\" content=\"index, follow, max-snippet:-1, max-image-preview:large, max-video-preview:-1\" \/>\n<link rel=\"canonical\" href=\"https:\/\/www.kekec.rs\/en\/product\/kidolino-mini-joy-glitter-8-1\/\" \/>\n<meta property=\"og:locale\" content=\"en_US\" \/>\n<meta property=\"og:type\" content=\"article\" \/>\n<meta property=\"og:title\" content=\"Kidolino Mini Joy Glitter 8\/1 - Kekec\" \/>\n<meta property=\"og:description\" content=\"8 boje     Te\u017eina 480g  Super mekana masa  Lako se oblikuje  Prijatnog mirisa  Ne lepi se za prste  Boja ne ostaje na prstima  Boje se mogu me\u0161ati  Su\u0161i se na vazduhu  Neotrovan     Za decu iznad 3 godine i \u0111ake mla\u0111ih razreda\" \/>\n<meta property=\"og:url\" content=\"https:\/\/www.kekec.rs\/en\/product\/kidolino-mini-joy-glitter-8-1\/\" \/>\n<meta property=\"og:site_name\" content=\"Kekec\" \/>\n<meta property=\"article:modified_time\" content=\"2025-04-21T11:19:13+00:00\" \/>\n<meta property=\"og:image\" content=\"https:\/\/www.kekec.rs\/wp-content\/uploads\/2025\/04\/Kid.-MiniJoy-Gliter-8-colors.jpg\" \/>\n\t<meta property=\"og:image:width\" content=\"1134\" \/>\n\t<meta property=\"og:image:height\" content=\"755\" \/>\n\t<meta property=\"og:image:type\" content=\"image\/jpeg\" \/>\n<meta name=\"twitter:card\" content=\"summary_large_image\" \/>\n<meta name=\"twitter:label1\" content=\"Est. reading time\" \/>\n\t<meta name=\"twitter:data1\" content=\"1 minute\" \/>\n<script type=\"application\/ld+json\" class=\"yoast-schema-graph\">{\"@context\":\"https:\\\/\\\/schema.org\",\"@graph\":[{\"@type\":\"WebPage\",\"@id\":\"https:\\\/\\\/www.kekec.rs\\\/product\\\/kidolino-mini-joy-glitter-8-1\\\/\",\"url\":\"https:\\\/\\\/www.kekec.rs\\\/product\\\/kidolino-mini-joy-glitter-8-1\\\/\",\"name\":\"Kidolino Mini Joy Glitter 8\\\/1 - Kekec\",\"isPartOf\":{\"@id\":\"https:\\\/\\\/www.kekec.rs\\\/#website\"},\"primaryImageOfPage\":{\"@id\":\"https:\\\/\\\/www.kekec.rs\\\/product\\\/kidolino-mini-joy-glitter-8-1\\\/#primaryimage\"},\"image\":{\"@id\":\"https:\\\/\\\/www.kekec.rs\\\/product\\\/kidolino-mini-joy-glitter-8-1\\\/#primaryimage\"},\"thumbnailUrl\":\"https:\\\/\\\/www.kekec.rs\\\/wp-content\\\/uploads\\\/2025\\\/04\\\/Kid.-MiniJoy-Gliter-8-colors.jpg\",\"datePublished\":\"2025-04-21T11:02:30+00:00\",\"dateModified\":\"2025-04-21T11:19:13+00:00\",\"breadcrumb\":{\"@id\":\"https:\\\/\\\/www.kekec.rs\\\/product\\\/kidolino-mini-joy-glitter-8-1\\\/#breadcrumb\"},\"inLanguage\":\"en-US\",\"potentialAction\":[{\"@type\":\"ReadAction\",\"target\":[\"https:\\\/\\\/www.kekec.rs\\\/product\\\/kidolino-mini-joy-glitter-8-1\\\/\"]}]},{\"@type\":\"ImageObject\",\"inLanguage\":\"en-US\",\"@id\":\"https:\\\/\\\/www.kekec.rs\\\/product\\\/kidolino-mini-joy-glitter-8-1\\\/#primaryimage\",\"url\":\"https:\\\/\\\/www.kekec.rs\\\/wp-content\\\/uploads\\\/2025\\\/04\\\/Kid.-MiniJoy-Gliter-8-colors.jpg\",\"contentUrl\":\"https:\\\/\\\/www.kekec.rs\\\/wp-content\\\/uploads\\\/2025\\\/04\\\/Kid.-MiniJoy-Gliter-8-colors.jpg\",\"width\":1134,\"height\":755},{\"@type\":\"BreadcrumbList\",\"@id\":\"https:\\\/\\\/www.kekec.rs\\\/product\\\/kidolino-mini-joy-glitter-8-1\\\/#breadcrumb\",\"itemListElement\":[{\"@type\":\"ListItem\",\"position\":1,\"name\":\"Home\",\"item\":\"https:\\\/\\\/www.kekec.rs\\\/sr\\\/\"},{\"@type\":\"ListItem\",\"position\":2,\"name\":\"Shop\",\"item\":\"https:\\\/\\\/www.kekec.rs\\\/shop\\\/\"},{\"@type\":\"ListItem\",\"position\":3,\"name\":\"Kidolino Mini Joy Glitter 8\\\/1\"}]},{\"@type\":\"WebSite\",\"@id\":\"https:\\\/\\\/www.kekec.rs\\\/#website\",\"url\":\"https:\\\/\\\/www.kekec.rs\\\/\",\"name\":\"Kekec\",\"description\":\"\",\"potentialAction\":[{\"@type\":\"SearchAction\",\"target\":{\"@type\":\"EntryPoint\",\"urlTemplate\":\"https:\\\/\\\/www.kekec.rs\\\/?s={search_term_string}\"},\"query-input\":{\"@type\":\"PropertyValueSpecification\",\"valueRequired\":true,\"valueName\":\"search_term_string\"}}],\"inLanguage\":\"en-US\"}]}<\/script>\n<!-- \/ Yoast SEO plugin. -->","yoast_head_json":{"title":"Kidolino Mini Joy Glitter 8\/1 - Kekec","robots":{"index":"index","follow":"follow","max-snippet":"max-snippet:-1","max-image-preview":"max-image-preview:large","max-video-preview":"max-video-preview:-1"},"canonical":"https:\/\/www.kekec.rs\/en\/product\/kidolino-mini-joy-glitter-8-1\/","og_locale":"en_US","og_type":"article","og_title":"Kidolino Mini Joy Glitter 8\/1 - Kekec","og_description":"8 boje     Te\u017eina 480g  Super mekana masa  Lako se oblikuje  Prijatnog mirisa  Ne lepi se za prste  Boja ne ostaje na prstima  Boje se mogu me\u0161ati  Su\u0161i se na vazduhu  Neotrovan     Za decu iznad 3 godine i \u0111ake mla\u0111ih razreda","og_url":"https:\/\/www.kekec.rs\/en\/product\/kidolino-mini-joy-glitter-8-1\/","og_site_name":"Kekec","article_modified_time":"2025-04-21T11:19:13+00:00","og_image":[{"width":1134,"height":755,"url":"https:\/\/www.kekec.rs\/wp-content\/uploads\/2025\/04\/Kid.-MiniJoy-Gliter-8-colors.jpg","type":"image\/jpeg"}],"twitter_card":"summary_large_image","twitter_misc":{"Est. reading time":"1 minute"},"schema":{"@context":"https:\/\/schema.org","@graph":[{"@type":"WebPage","@id":"https:\/\/www.kekec.rs\/product\/kidolino-mini-joy-glitter-8-1\/","url":"https:\/\/www.kekec.rs\/product\/kidolino-mini-joy-glitter-8-1\/","name":"Kidolino Mini Joy Glitter 8\/1 - Kekec","isPartOf":{"@id":"https:\/\/www.kekec.rs\/#website"},"primaryImageOfPage":{"@id":"https:\/\/www.kekec.rs\/product\/kidolino-mini-joy-glitter-8-1\/#primaryimage"},"image":{"@id":"https:\/\/www.kekec.rs\/product\/kidolino-mini-joy-glitter-8-1\/#primaryimage"},"thumbnailUrl":"https:\/\/www.kekec.rs\/wp-content\/uploads\/2025\/04\/Kid.-MiniJoy-Gliter-8-colors.jpg","datePublished":"2025-04-21T11:02:30+00:00","dateModified":"2025-04-21T11:19:13+00:00","breadcrumb":{"@id":"https:\/\/www.kekec.rs\/product\/kidolino-mini-joy-glitter-8-1\/#breadcrumb"},"inLanguage":"en-US","potentialAction":[{"@type":"ReadAction","target":["https:\/\/www.kekec.rs\/product\/kidolino-mini-joy-glitter-8-1\/"]}]},{"@type":"ImageObject","inLanguage":"en-US","@id":"https:\/\/www.kekec.rs\/product\/kidolino-mini-joy-glitter-8-1\/#primaryimage","url":"https:\/\/www.kekec.rs\/wp-content\/uploads\/2025\/04\/Kid.-MiniJoy-Gliter-8-colors.jpg","contentUrl":"https:\/\/www.kekec.rs\/wp-content\/uploads\/2025\/04\/Kid.-MiniJoy-Gliter-8-colors.jpg","width":1134,"height":755},{"@type":"BreadcrumbList","@id":"https:\/\/www.kekec.rs\/product\/kidolino-mini-joy-glitter-8-1\/#breadcrumb","itemListElement":[{"@type":"ListItem","position":1,"name":"Home","item":"https:\/\/www.kekec.rs\/sr\/"},{"@type":"ListItem","position":2,"name":"Shop","item":"https:\/\/www.kekec.rs\/shop\/"},{"@type":"ListItem","position":3,"name":"Kidolino Mini Joy Glitter 8\/1"}]},{"@type":"WebSite","@id":"https:\/\/www.kekec.rs\/#website","url":"https:\/\/www.kekec.rs\/","name":"Kekec","description":"","potentialAction":[{"@type":"SearchAction","target":{"@type":"EntryPoint","urlTemplate":"https:\/\/www.kekec.rs\/?s={search_term_string}"},"query-input":{"@type":"PropertyValueSpecification","valueRequired":true,"valueName":"search_term_string"}}],"inLanguage":"en-US"}]}},"_links":{"self":[{"href":"https:\/\/www.kekec.rs\/en\/wp-json\/wp\/v2\/product\/1327","targetHints":{"allow":["GET"]}}],"collection":[{"href":"https:\/\/www.kekec.rs\/en\/wp-json\/wp\/v2\/product"}],"about":[{"href":"https:\/\/www.kekec.rs\/en\/wp-json\/wp\/v2\/types\/product"}],"replies":[{"embeddable":true,"href":"https:\/\/www.kekec.rs\/en\/wp-json\/wp\/v2\/comments?post=1327"}],"wp:featuredmedia":[{"embeddable":true,"href":"https:\/\/www.kekec.rs\/en\/wp-json\/wp\/v2\/media\/1328"}],"wp:attachment":[{"href":"https:\/\/www.kekec.rs\/en\/wp-json\/wp\/v2\/media?parent=1327"}],"wp:term":[{"taxonomy":"product_brand","embeddable":true,"href":"https:\/\/www.kekec.rs\/en\/wp-json\/wp\/v2\/product_brand?post=1327"},{"taxonomy":"product_cat","embeddable":true,"href":"https:\/\/www.kekec.rs\/en\/wp-json\/wp\/v2\/product_cat?post=1327"},{"taxonomy":"product_tag","embeddable":true,"href":"https:\/\/www.kekec.rs\/en\/wp-json\/wp\/v2\/product_tag?post=1327"}],"curies":[{"name":"wp","href":"https:\/\/api.w.org\/{rel}","templated":true}]}}