{"id":530,"date":"2023-02-23T20:17:19","date_gmt":"2023-02-23T19:17:19","guid":{"rendered":"http:\/\/www.kekec.rs\/?post_type=product&#038;p=530"},"modified":"2025-04-21T12:17:22","modified_gmt":"2025-04-21T11:17:22","slug":"glina-500g","status":"publish","type":"product","link":"https:\/\/www.kekec.rs\/en\/product\/glina-500g\/","title":{"rendered":"School clay 500g"},"content":{"rendered":"<p>Kekec clay is a fine kaolin school clay. It is easily modelled, which makes it ideal for children\nas they can make various shapes and forms. Figures and objects made of Kekec school clay\ncan be dried at room temperature, while by firing in the kilns at temperatures above 1000\u0366C\nthey permanently solidify. Modelled figures and shapes made of school clay can be varnished\nand painted. One of the most significant advantages of Kekec school clay is that it\u2019s safe for\nchildren as it\u2019s made of natural materials, ecological and safe for the environment. School clay\nshould be kept in a hermetically sealed packaging.<\/p>","protected":false},"excerpt":{"rendered":"<ul>\n<li>Fine kaolin school clay<\/li>\n<li>Weight 500g<\/li>\n<li>Easily modelled using wet hands or modelling tools<\/li>\n<li>Upon drying, it can be fired, varnished, dyed<\/li>\n<li>By firing at temperatures above 1000 \u2103 it permanently solidifies<\/li>\n<li>It is intended for educational purposes for pre-school and school children<\/li>\n<li>Expiration date: unlimited in the closed original packaging<\/li>\n<li>Non-toxic<\/li>\n<li>Available in white and terracotta color<\/li>\n<\/ul>","protected":false},"featured_media":1298,"comment_status":"open","ping_status":"closed","template":"","meta":{"_et_pb_use_builder":"","_et_pb_old_content":"","_et_gb_content_width":"","inline_featured_image":false},"product_brand":[],"product_cat":[16],"product_tag":[],"class_list":{"0":"post-530","1":"product","2":"type-product","3":"status-publish","4":"has-post-thumbnail","6":"product_cat-glina","8":"first","9":"instock","10":"shipping-taxable","11":"product-type-simple"},"acf":[],"yoast_head":"<!-- This site is optimized with the Yoast SEO plugin v27.6 - https:\/\/yoast.com\/product\/yoast-seo-wordpress\/ -->\n<title>Glina 500g - Kekec<\/title>\n<meta name=\"robots\" content=\"index, follow, max-snippet:-1, max-image-preview:large, max-video-preview:-1\" \/>\n<link rel=\"canonical\" href=\"https:\/\/www.kekec.rs\/en\/product\/glina-500g\/\" \/>\n<meta property=\"og:locale\" content=\"en_US\" \/>\n<meta property=\"og:type\" content=\"article\" \/>\n<meta property=\"og:title\" content=\"Glina 500g - Kekec\" \/>\n<meta property=\"og:description\" content=\"Fina kaolinska glina  Te\u017eina 500g  Lako se oblikuje vla\u017enim rukama i alatima za modeliranje  Nakon su\u0161enja se mo\u017ee pe\u0107i, lakirati, bojiti  Pe\u010denjem na temperaturi iznad 1000 \u2103 dobija karakteristike trajne \u010dvrsto\u0107e  Namenjena je za nastavne svrhe za \u0161kolsku i pred\u0161kolsku decu  Rok upotrebe: neograni\u010den u zatvorenoj originalnoj ambala\u017ei  Neotrovno  Dostupna u beloj i terakota boji\" \/>\n<meta property=\"og:url\" content=\"https:\/\/www.kekec.rs\/en\/product\/glina-500g\/\" \/>\n<meta property=\"og:site_name\" content=\"Kekec\" \/>\n<meta property=\"article:modified_time\" content=\"2025-04-21T11:17:22+00:00\" \/>\n<meta property=\"og:image\" content=\"https:\/\/www.kekec.rs\/wp-content\/uploads\/2023\/02\/Glina-500g_2-scaled.jpg\" \/>\n\t<meta property=\"og:image:width\" content=\"2560\" \/>\n\t<meta property=\"og:image:height\" content=\"1709\" \/>\n\t<meta property=\"og:image:type\" content=\"image\/jpeg\" \/>\n<meta name=\"twitter:card\" content=\"summary_large_image\" \/>\n<meta name=\"twitter:label1\" content=\"Est. reading time\" \/>\n\t<meta name=\"twitter:data1\" content=\"1 minute\" \/>\n<script type=\"application\/ld+json\" class=\"yoast-schema-graph\">{\"@context\":\"https:\\\/\\\/schema.org\",\"@graph\":[{\"@type\":\"WebPage\",\"@id\":\"https:\\\/\\\/www.kekec.rs\\\/product\\\/glina-500g\\\/\",\"url\":\"https:\\\/\\\/www.kekec.rs\\\/product\\\/glina-500g\\\/\",\"name\":\"Glina 500g - Kekec\",\"isPartOf\":{\"@id\":\"https:\\\/\\\/www.kekec.rs\\\/#website\"},\"primaryImageOfPage\":{\"@id\":\"https:\\\/\\\/www.kekec.rs\\\/product\\\/glina-500g\\\/#primaryimage\"},\"image\":{\"@id\":\"https:\\\/\\\/www.kekec.rs\\\/product\\\/glina-500g\\\/#primaryimage\"},\"thumbnailUrl\":\"https:\\\/\\\/www.kekec.rs\\\/wp-content\\\/uploads\\\/2023\\\/02\\\/Glina-500g_2-scaled.jpg\",\"datePublished\":\"2023-02-23T19:17:19+00:00\",\"dateModified\":\"2025-04-21T11:17:22+00:00\",\"breadcrumb\":{\"@id\":\"https:\\\/\\\/www.kekec.rs\\\/product\\\/glina-500g\\\/#breadcrumb\"},\"inLanguage\":\"en-US\",\"potentialAction\":[{\"@type\":\"ReadAction\",\"target\":[\"https:\\\/\\\/www.kekec.rs\\\/product\\\/glina-500g\\\/\"]}]},{\"@type\":\"ImageObject\",\"inLanguage\":\"en-US\",\"@id\":\"https:\\\/\\\/www.kekec.rs\\\/product\\\/glina-500g\\\/#primaryimage\",\"url\":\"https:\\\/\\\/www.kekec.rs\\\/wp-content\\\/uploads\\\/2023\\\/02\\\/Glina-500g_2-scaled.jpg\",\"contentUrl\":\"https:\\\/\\\/www.kekec.rs\\\/wp-content\\\/uploads\\\/2023\\\/02\\\/Glina-500g_2-scaled.jpg\",\"width\":2560,\"height\":1709},{\"@type\":\"BreadcrumbList\",\"@id\":\"https:\\\/\\\/www.kekec.rs\\\/product\\\/glina-500g\\\/#breadcrumb\",\"itemListElement\":[{\"@type\":\"ListItem\",\"position\":1,\"name\":\"Home\",\"item\":\"https:\\\/\\\/www.kekec.rs\\\/sr\\\/\"},{\"@type\":\"ListItem\",\"position\":2,\"name\":\"Shop\",\"item\":\"https:\\\/\\\/www.kekec.rs\\\/shop\\\/\"},{\"@type\":\"ListItem\",\"position\":3,\"name\":\"Glina 500g\"}]},{\"@type\":\"WebSite\",\"@id\":\"https:\\\/\\\/www.kekec.rs\\\/#website\",\"url\":\"https:\\\/\\\/www.kekec.rs\\\/\",\"name\":\"Kekec\",\"description\":\"\",\"potentialAction\":[{\"@type\":\"SearchAction\",\"target\":{\"@type\":\"EntryPoint\",\"urlTemplate\":\"https:\\\/\\\/www.kekec.rs\\\/?s={search_term_string}\"},\"query-input\":{\"@type\":\"PropertyValueSpecification\",\"valueRequired\":true,\"valueName\":\"search_term_string\"}}],\"inLanguage\":\"en-US\"}]}<\/script>\n<!-- \/ Yoast SEO plugin. -->","yoast_head_json":{"title":"Glina 500g - Kekec","robots":{"index":"index","follow":"follow","max-snippet":"max-snippet:-1","max-image-preview":"max-image-preview:large","max-video-preview":"max-video-preview:-1"},"canonical":"https:\/\/www.kekec.rs\/en\/product\/glina-500g\/","og_locale":"en_US","og_type":"article","og_title":"Glina 500g - Kekec","og_description":"Fina kaolinska glina  Te\u017eina 500g  Lako se oblikuje vla\u017enim rukama i alatima za modeliranje  Nakon su\u0161enja se mo\u017ee pe\u0107i, lakirati, bojiti  Pe\u010denjem na temperaturi iznad 1000 \u2103 dobija karakteristike trajne \u010dvrsto\u0107e  Namenjena je za nastavne svrhe za \u0161kolsku i pred\u0161kolsku decu  Rok upotrebe: neograni\u010den u zatvorenoj originalnoj ambala\u017ei  Neotrovno  Dostupna u beloj i terakota boji","og_url":"https:\/\/www.kekec.rs\/en\/product\/glina-500g\/","og_site_name":"Kekec","article_modified_time":"2025-04-21T11:17:22+00:00","og_image":[{"width":2560,"height":1709,"url":"https:\/\/www.kekec.rs\/wp-content\/uploads\/2023\/02\/Glina-500g_2-scaled.jpg","type":"image\/jpeg"}],"twitter_card":"summary_large_image","twitter_misc":{"Est. reading time":"1 minute"},"schema":{"@context":"https:\/\/schema.org","@graph":[{"@type":"WebPage","@id":"https:\/\/www.kekec.rs\/product\/glina-500g\/","url":"https:\/\/www.kekec.rs\/product\/glina-500g\/","name":"Glina 500g - Kekec","isPartOf":{"@id":"https:\/\/www.kekec.rs\/#website"},"primaryImageOfPage":{"@id":"https:\/\/www.kekec.rs\/product\/glina-500g\/#primaryimage"},"image":{"@id":"https:\/\/www.kekec.rs\/product\/glina-500g\/#primaryimage"},"thumbnailUrl":"https:\/\/www.kekec.rs\/wp-content\/uploads\/2023\/02\/Glina-500g_2-scaled.jpg","datePublished":"2023-02-23T19:17:19+00:00","dateModified":"2025-04-21T11:17:22+00:00","breadcrumb":{"@id":"https:\/\/www.kekec.rs\/product\/glina-500g\/#breadcrumb"},"inLanguage":"en-US","potentialAction":[{"@type":"ReadAction","target":["https:\/\/www.kekec.rs\/product\/glina-500g\/"]}]},{"@type":"ImageObject","inLanguage":"en-US","@id":"https:\/\/www.kekec.rs\/product\/glina-500g\/#primaryimage","url":"https:\/\/www.kekec.rs\/wp-content\/uploads\/2023\/02\/Glina-500g_2-scaled.jpg","contentUrl":"https:\/\/www.kekec.rs\/wp-content\/uploads\/2023\/02\/Glina-500g_2-scaled.jpg","width":2560,"height":1709},{"@type":"BreadcrumbList","@id":"https:\/\/www.kekec.rs\/product\/glina-500g\/#breadcrumb","itemListElement":[{"@type":"ListItem","position":1,"name":"Home","item":"https:\/\/www.kekec.rs\/sr\/"},{"@type":"ListItem","position":2,"name":"Shop","item":"https:\/\/www.kekec.rs\/shop\/"},{"@type":"ListItem","position":3,"name":"Glina 500g"}]},{"@type":"WebSite","@id":"https:\/\/www.kekec.rs\/#website","url":"https:\/\/www.kekec.rs\/","name":"Kekec","description":"","potentialAction":[{"@type":"SearchAction","target":{"@type":"EntryPoint","urlTemplate":"https:\/\/www.kekec.rs\/?s={search_term_string}"},"query-input":{"@type":"PropertyValueSpecification","valueRequired":true,"valueName":"search_term_string"}}],"inLanguage":"en-US"}]}},"_links":{"self":[{"href":"https:\/\/www.kekec.rs\/en\/wp-json\/wp\/v2\/product\/530","targetHints":{"allow":["GET"]}}],"collection":[{"href":"https:\/\/www.kekec.rs\/en\/wp-json\/wp\/v2\/product"}],"about":[{"href":"https:\/\/www.kekec.rs\/en\/wp-json\/wp\/v2\/types\/product"}],"replies":[{"embeddable":true,"href":"https:\/\/www.kekec.rs\/en\/wp-json\/wp\/v2\/comments?post=530"}],"wp:featuredmedia":[{"embeddable":true,"href":"https:\/\/www.kekec.rs\/en\/wp-json\/wp\/v2\/media\/1298"}],"wp:attachment":[{"href":"https:\/\/www.kekec.rs\/en\/wp-json\/wp\/v2\/media?parent=530"}],"wp:term":[{"taxonomy":"product_brand","embeddable":true,"href":"https:\/\/www.kekec.rs\/en\/wp-json\/wp\/v2\/product_brand?post=530"},{"taxonomy":"product_cat","embeddable":true,"href":"https:\/\/www.kekec.rs\/en\/wp-json\/wp\/v2\/product_cat?post=530"},{"taxonomy":"product_tag","embeddable":true,"href":"https:\/\/www.kekec.rs\/en\/wp-json\/wp\/v2\/product_tag?post=530"}],"curies":[{"name":"wp","href":"https:\/\/api.w.org\/{rel}","templated":true}]}}