{"id":531,"date":"2023-02-23T20:19:01","date_gmt":"2023-02-23T19:19:01","guid":{"rendered":"http:\/\/www.kekec.rs\/?post_type=product&#038;p=531"},"modified":"2025-04-21T12:17:00","modified_gmt":"2025-04-21T11:17:00","slug":"glinamol-250g","status":"publish","type":"product","link":"https:\/\/www.kekec.rs\/en\/product\/glinamol-250g\/","title":{"rendered":"Glinamol 250g"},"content":{"rendered":"<p>Kekec glinamol is a modelling compound produced on the clay basis. Objects and figures are best shaped using wet hands or modelling tools. It air-dries at room temperature, and\npermanently solidifies without firing. Drying time is from 24h to 48h. Since Kekec glinamol\ndoes not crack or break during modelling and drying, it is suitable both for hobbyists and school children. Upon drying, figures and objects made of Kekec glinamol can be ground, varnished, dyed. Glinamol should be kept in a hermetically sealed packaging.<\/p>","protected":false},"excerpt":{"rendered":"<ul>\n<li>Modelling compound<\/li>\n<li>Weight 250g<\/li>\n<li>Easily modelled using wet hands or modelling tools<\/li>\n<li>Air-dries at room temperature, and permanently solidifies without firing<\/li>\n<li>Drying time is from 24h to 48h<\/li>\n<li>Upon drying, it can be fired, varnished, dyed<\/li>\n<li>It is intended for hobbyists and educational purposes in schools<\/li>\n<li>Expiration date: unlimited in the closed original packaging<\/li>\n<li>Non-toxic<\/li>\n<li>Available in white and terracotta color<\/li>\n<\/ul>","protected":false},"featured_media":1295,"comment_status":"open","ping_status":"closed","template":"","meta":{"_et_pb_use_builder":"","_et_pb_old_content":"","_et_gb_content_width":"","inline_featured_image":false},"product_brand":[],"product_cat":[22],"product_tag":[],"class_list":{"0":"post-531","1":"product","2":"type-product","3":"status-publish","4":"has-post-thumbnail","6":"product_cat-glinamol","8":"first","9":"instock","10":"shipping-taxable","11":"product-type-simple"},"acf":[],"yoast_head":"<!-- This site is optimized with the Yoast SEO plugin v27.4 - https:\/\/yoast.com\/product\/yoast-seo-wordpress\/ -->\n<title>Glinamol 250g - Kekec<\/title>\n<meta name=\"robots\" content=\"index, follow, max-snippet:-1, max-image-preview:large, max-video-preview:-1\" \/>\n<link rel=\"canonical\" href=\"https:\/\/www.kekec.rs\/en\/product\/glinamol-250g\/\" \/>\n<meta property=\"og:locale\" content=\"en_US\" \/>\n<meta property=\"og:type\" content=\"article\" \/>\n<meta property=\"og:title\" content=\"Glinamol 250g - Kekec\" \/>\n<meta property=\"og:description\" content=\"Masa za modelovanje   Te\u017eina 250g   Lako se oblikuje vla\u017enim rukama i alatima za modeliranje   Su\u0161i se na vazduhu, na sobnoj temperaturi i bez pe\u010denja dobija trajnu \u010dvrstinu   Vreme su\u0161enja od 24h do 48h   Nakon su\u0161enja se moze polirati, lakirati, bojiti   Namenjena za hobiste i u nastavne svrhe u \u0161kolama   Rok upotrebe: neograni\u010den u zatvorenoj originalnoj ambala\u017ei   Neotrovno   Dostupna u beloj i terakota boji\" \/>\n<meta property=\"og:url\" content=\"https:\/\/www.kekec.rs\/en\/product\/glinamol-250g\/\" \/>\n<meta property=\"og:site_name\" content=\"Kekec\" \/>\n<meta property=\"article:modified_time\" content=\"2025-04-21T11:17:00+00:00\" \/>\n<meta property=\"og:image\" content=\"https:\/\/www.kekec.rs\/wp-content\/uploads\/2023\/02\/Glinamol-250g_2-scaled.jpg\" \/>\n\t<meta property=\"og:image:width\" content=\"2560\" \/>\n\t<meta property=\"og:image:height\" content=\"1709\" \/>\n\t<meta property=\"og:image:type\" content=\"image\/jpeg\" \/>\n<meta name=\"twitter:card\" content=\"summary_large_image\" \/>\n<meta name=\"twitter:label1\" content=\"Est. reading time\" \/>\n\t<meta name=\"twitter:data1\" content=\"1 minute\" \/>\n<script type=\"application\/ld+json\" class=\"yoast-schema-graph\">{\"@context\":\"https:\\\/\\\/schema.org\",\"@graph\":[{\"@type\":\"WebPage\",\"@id\":\"https:\\\/\\\/www.kekec.rs\\\/product\\\/glinamol-250g\\\/\",\"url\":\"https:\\\/\\\/www.kekec.rs\\\/product\\\/glinamol-250g\\\/\",\"name\":\"Glinamol 250g - Kekec\",\"isPartOf\":{\"@id\":\"https:\\\/\\\/www.kekec.rs\\\/#website\"},\"primaryImageOfPage\":{\"@id\":\"https:\\\/\\\/www.kekec.rs\\\/product\\\/glinamol-250g\\\/#primaryimage\"},\"image\":{\"@id\":\"https:\\\/\\\/www.kekec.rs\\\/product\\\/glinamol-250g\\\/#primaryimage\"},\"thumbnailUrl\":\"https:\\\/\\\/www.kekec.rs\\\/wp-content\\\/uploads\\\/2023\\\/02\\\/Glinamol-250g_2-scaled.jpg\",\"datePublished\":\"2023-02-23T19:19:01+00:00\",\"dateModified\":\"2025-04-21T11:17:00+00:00\",\"breadcrumb\":{\"@id\":\"https:\\\/\\\/www.kekec.rs\\\/product\\\/glinamol-250g\\\/#breadcrumb\"},\"inLanguage\":\"en-US\",\"potentialAction\":[{\"@type\":\"ReadAction\",\"target\":[\"https:\\\/\\\/www.kekec.rs\\\/product\\\/glinamol-250g\\\/\"]}]},{\"@type\":\"ImageObject\",\"inLanguage\":\"en-US\",\"@id\":\"https:\\\/\\\/www.kekec.rs\\\/product\\\/glinamol-250g\\\/#primaryimage\",\"url\":\"https:\\\/\\\/www.kekec.rs\\\/wp-content\\\/uploads\\\/2023\\\/02\\\/Glinamol-250g_2-scaled.jpg\",\"contentUrl\":\"https:\\\/\\\/www.kekec.rs\\\/wp-content\\\/uploads\\\/2023\\\/02\\\/Glinamol-250g_2-scaled.jpg\",\"width\":2560,\"height\":1709},{\"@type\":\"BreadcrumbList\",\"@id\":\"https:\\\/\\\/www.kekec.rs\\\/product\\\/glinamol-250g\\\/#breadcrumb\",\"itemListElement\":[{\"@type\":\"ListItem\",\"position\":1,\"name\":\"Home\",\"item\":\"https:\\\/\\\/www.kekec.rs\\\/sr\\\/\"},{\"@type\":\"ListItem\",\"position\":2,\"name\":\"Shop\",\"item\":\"https:\\\/\\\/www.kekec.rs\\\/shop\\\/\"},{\"@type\":\"ListItem\",\"position\":3,\"name\":\"Glinamol 250g\"}]},{\"@type\":\"WebSite\",\"@id\":\"https:\\\/\\\/www.kekec.rs\\\/#website\",\"url\":\"https:\\\/\\\/www.kekec.rs\\\/\",\"name\":\"Kekec\",\"description\":\"\",\"potentialAction\":[{\"@type\":\"SearchAction\",\"target\":{\"@type\":\"EntryPoint\",\"urlTemplate\":\"https:\\\/\\\/www.kekec.rs\\\/?s={search_term_string}\"},\"query-input\":{\"@type\":\"PropertyValueSpecification\",\"valueRequired\":true,\"valueName\":\"search_term_string\"}}],\"inLanguage\":\"en-US\"}]}<\/script>\n<!-- \/ Yoast SEO plugin. -->","yoast_head_json":{"title":"Glinamol 250g - Kekec","robots":{"index":"index","follow":"follow","max-snippet":"max-snippet:-1","max-image-preview":"max-image-preview:large","max-video-preview":"max-video-preview:-1"},"canonical":"https:\/\/www.kekec.rs\/en\/product\/glinamol-250g\/","og_locale":"en_US","og_type":"article","og_title":"Glinamol 250g - Kekec","og_description":"Masa za modelovanje   Te\u017eina 250g   Lako se oblikuje vla\u017enim rukama i alatima za modeliranje   Su\u0161i se na vazduhu, na sobnoj temperaturi i bez pe\u010denja dobija trajnu \u010dvrstinu   Vreme su\u0161enja od 24h do 48h   Nakon su\u0161enja se moze polirati, lakirati, bojiti   Namenjena za hobiste i u nastavne svrhe u \u0161kolama   Rok upotrebe: neograni\u010den u zatvorenoj originalnoj ambala\u017ei   Neotrovno   Dostupna u beloj i terakota boji","og_url":"https:\/\/www.kekec.rs\/en\/product\/glinamol-250g\/","og_site_name":"Kekec","article_modified_time":"2025-04-21T11:17:00+00:00","og_image":[{"width":2560,"height":1709,"url":"https:\/\/www.kekec.rs\/wp-content\/uploads\/2023\/02\/Glinamol-250g_2-scaled.jpg","type":"image\/jpeg"}],"twitter_card":"summary_large_image","twitter_misc":{"Est. reading time":"1 minute"},"schema":{"@context":"https:\/\/schema.org","@graph":[{"@type":"WebPage","@id":"https:\/\/www.kekec.rs\/product\/glinamol-250g\/","url":"https:\/\/www.kekec.rs\/product\/glinamol-250g\/","name":"Glinamol 250g - Kekec","isPartOf":{"@id":"https:\/\/www.kekec.rs\/#website"},"primaryImageOfPage":{"@id":"https:\/\/www.kekec.rs\/product\/glinamol-250g\/#primaryimage"},"image":{"@id":"https:\/\/www.kekec.rs\/product\/glinamol-250g\/#primaryimage"},"thumbnailUrl":"https:\/\/www.kekec.rs\/wp-content\/uploads\/2023\/02\/Glinamol-250g_2-scaled.jpg","datePublished":"2023-02-23T19:19:01+00:00","dateModified":"2025-04-21T11:17:00+00:00","breadcrumb":{"@id":"https:\/\/www.kekec.rs\/product\/glinamol-250g\/#breadcrumb"},"inLanguage":"en-US","potentialAction":[{"@type":"ReadAction","target":["https:\/\/www.kekec.rs\/product\/glinamol-250g\/"]}]},{"@type":"ImageObject","inLanguage":"en-US","@id":"https:\/\/www.kekec.rs\/product\/glinamol-250g\/#primaryimage","url":"https:\/\/www.kekec.rs\/wp-content\/uploads\/2023\/02\/Glinamol-250g_2-scaled.jpg","contentUrl":"https:\/\/www.kekec.rs\/wp-content\/uploads\/2023\/02\/Glinamol-250g_2-scaled.jpg","width":2560,"height":1709},{"@type":"BreadcrumbList","@id":"https:\/\/www.kekec.rs\/product\/glinamol-250g\/#breadcrumb","itemListElement":[{"@type":"ListItem","position":1,"name":"Home","item":"https:\/\/www.kekec.rs\/sr\/"},{"@type":"ListItem","position":2,"name":"Shop","item":"https:\/\/www.kekec.rs\/shop\/"},{"@type":"ListItem","position":3,"name":"Glinamol 250g"}]},{"@type":"WebSite","@id":"https:\/\/www.kekec.rs\/#website","url":"https:\/\/www.kekec.rs\/","name":"Kekec","description":"","potentialAction":[{"@type":"SearchAction","target":{"@type":"EntryPoint","urlTemplate":"https:\/\/www.kekec.rs\/?s={search_term_string}"},"query-input":{"@type":"PropertyValueSpecification","valueRequired":true,"valueName":"search_term_string"}}],"inLanguage":"en-US"}]}},"_links":{"self":[{"href":"https:\/\/www.kekec.rs\/en\/wp-json\/wp\/v2\/product\/531","targetHints":{"allow":["GET"]}}],"collection":[{"href":"https:\/\/www.kekec.rs\/en\/wp-json\/wp\/v2\/product"}],"about":[{"href":"https:\/\/www.kekec.rs\/en\/wp-json\/wp\/v2\/types\/product"}],"replies":[{"embeddable":true,"href":"https:\/\/www.kekec.rs\/en\/wp-json\/wp\/v2\/comments?post=531"}],"wp:featuredmedia":[{"embeddable":true,"href":"https:\/\/www.kekec.rs\/en\/wp-json\/wp\/v2\/media\/1295"}],"wp:attachment":[{"href":"https:\/\/www.kekec.rs\/en\/wp-json\/wp\/v2\/media?parent=531"}],"wp:term":[{"taxonomy":"product_brand","embeddable":true,"href":"https:\/\/www.kekec.rs\/en\/wp-json\/wp\/v2\/product_brand?post=531"},{"taxonomy":"product_cat","embeddable":true,"href":"https:\/\/www.kekec.rs\/en\/wp-json\/wp\/v2\/product_cat?post=531"},{"taxonomy":"product_tag","embeddable":true,"href":"https:\/\/www.kekec.rs\/en\/wp-json\/wp\/v2\/product_tag?post=531"}],"curies":[{"name":"wp","href":"https:\/\/api.w.org\/{rel}","templated":true}]}}