{"id":535,"date":"2023-02-23T20:22:21","date_gmt":"2023-02-23T19:22:21","guid":{"rendered":"http:\/\/www.kekec.rs\/?post_type=product&#038;p=535"},"modified":"2025-04-21T12:16:07","modified_gmt":"2025-04-21T11:16:07","slug":"plastelin-flex-10-1","status":"publish","type":"product","link":"https:\/\/www.kekec.rs\/en\/product\/plastelin-flex-10-1\/","title":{"rendered":"Plastelin Flex 10\/1"},"content":{"rendered":"<p>Kekec plasticine is an ideal beginning for creating magic. It is intended for school children and\nit is mainly used in educational activities and children\u2019s workshops. Since Kekec plasticine is\nproduced on the basis of high-quality waxes, the figures and objects do not air-dry, and it is\npossible to remodel, adapt and reuse the same plasticine. Kekec plasticine is non- toxic and it\nhas unlimited expiration date.<\/p>","protected":false},"excerpt":{"rendered":"<ul>\n<li>10 colors<\/li>\n<li>Weight 125g<\/li>\n<li>Pleasant smell<\/li>\n<li>It does not air-dry<\/li>\n<li>Color does not transfer to fingers<\/li>\n<li>Unlimited expiration date<\/li>\n<li>Keep at the temperature up to 30 \u2103<\/li>\n<li>Non-toxic<\/li>\n<li>Intended for school children<\/li>\n<\/ul>","protected":false},"featured_media":648,"comment_status":"open","ping_status":"closed","template":"","meta":{"_et_pb_use_builder":"","_et_pb_old_content":"","_et_gb_content_width":"","inline_featured_image":false},"product_brand":[],"product_cat":[20],"product_tag":[],"class_list":{"0":"post-535","1":"product","2":"type-product","3":"status-publish","4":"has-post-thumbnail","6":"product_cat-plastelin","8":"first","9":"instock","10":"shipping-taxable","11":"product-type-simple"},"acf":[],"yoast_head":"<!-- This site is optimized with the Yoast SEO plugin v27.4 - https:\/\/yoast.com\/product\/yoast-seo-wordpress\/ -->\n<title>Plastelin Flex 10\/1 - Kekec<\/title>\n<meta name=\"robots\" content=\"index, follow, max-snippet:-1, max-image-preview:large, max-video-preview:-1\" \/>\n<link rel=\"canonical\" href=\"https:\/\/www.kekec.rs\/en\/product\/plastelin-flex-10-1\/\" \/>\n<meta property=\"og:locale\" content=\"en_US\" \/>\n<meta property=\"og:type\" content=\"article\" \/>\n<meta property=\"og:title\" content=\"Plastelin Flex 10\/1 - Kekec\" \/>\n<meta property=\"og:description\" content=\"10 boja  Te\u017eina 125g  Prijatnog mirisa  Ne su\u0161i se na vazduhu  Boja ne ostaje na prstima  Rok trajanja neograni\u010den  \u010cuvati na temperaturi do 30 \u2103  Neotrovan  Za \u0161kolski uzrast\" \/>\n<meta property=\"og:url\" content=\"https:\/\/www.kekec.rs\/en\/product\/plastelin-flex-10-1\/\" \/>\n<meta property=\"og:site_name\" content=\"Kekec\" \/>\n<meta property=\"article:modified_time\" content=\"2025-04-21T11:16:07+00:00\" \/>\n<meta property=\"og:image\" content=\"https:\/\/www.kekec.rs\/wp-content\/uploads\/2023\/02\/Plastelin-flex-10.jpg\" \/>\n\t<meta property=\"og:image:width\" content=\"900\" \/>\n\t<meta property=\"og:image:height\" content=\"900\" \/>\n\t<meta property=\"og:image:type\" content=\"image\/jpeg\" \/>\n<meta name=\"twitter:card\" content=\"summary_large_image\" \/>\n<meta name=\"twitter:label1\" content=\"Est. reading time\" \/>\n\t<meta name=\"twitter:data1\" content=\"1 minute\" \/>\n<script type=\"application\/ld+json\" class=\"yoast-schema-graph\">{\"@context\":\"https:\\\/\\\/schema.org\",\"@graph\":[{\"@type\":\"WebPage\",\"@id\":\"https:\\\/\\\/www.kekec.rs\\\/product\\\/plastelin-flex-10-1\\\/\",\"url\":\"https:\\\/\\\/www.kekec.rs\\\/product\\\/plastelin-flex-10-1\\\/\",\"name\":\"Plastelin Flex 10\\\/1 - Kekec\",\"isPartOf\":{\"@id\":\"https:\\\/\\\/www.kekec.rs\\\/#website\"},\"primaryImageOfPage\":{\"@id\":\"https:\\\/\\\/www.kekec.rs\\\/product\\\/plastelin-flex-10-1\\\/#primaryimage\"},\"image\":{\"@id\":\"https:\\\/\\\/www.kekec.rs\\\/product\\\/plastelin-flex-10-1\\\/#primaryimage\"},\"thumbnailUrl\":\"https:\\\/\\\/www.kekec.rs\\\/wp-content\\\/uploads\\\/2023\\\/02\\\/Plastelin-flex-10.jpg\",\"datePublished\":\"2023-02-23T19:22:21+00:00\",\"dateModified\":\"2025-04-21T11:16:07+00:00\",\"breadcrumb\":{\"@id\":\"https:\\\/\\\/www.kekec.rs\\\/product\\\/plastelin-flex-10-1\\\/#breadcrumb\"},\"inLanguage\":\"en-US\",\"potentialAction\":[{\"@type\":\"ReadAction\",\"target\":[\"https:\\\/\\\/www.kekec.rs\\\/product\\\/plastelin-flex-10-1\\\/\"]}]},{\"@type\":\"ImageObject\",\"inLanguage\":\"en-US\",\"@id\":\"https:\\\/\\\/www.kekec.rs\\\/product\\\/plastelin-flex-10-1\\\/#primaryimage\",\"url\":\"https:\\\/\\\/www.kekec.rs\\\/wp-content\\\/uploads\\\/2023\\\/02\\\/Plastelin-flex-10.jpg\",\"contentUrl\":\"https:\\\/\\\/www.kekec.rs\\\/wp-content\\\/uploads\\\/2023\\\/02\\\/Plastelin-flex-10.jpg\",\"width\":900,\"height\":900},{\"@type\":\"BreadcrumbList\",\"@id\":\"https:\\\/\\\/www.kekec.rs\\\/product\\\/plastelin-flex-10-1\\\/#breadcrumb\",\"itemListElement\":[{\"@type\":\"ListItem\",\"position\":1,\"name\":\"Home\",\"item\":\"https:\\\/\\\/www.kekec.rs\\\/sr\\\/\"},{\"@type\":\"ListItem\",\"position\":2,\"name\":\"Shop\",\"item\":\"https:\\\/\\\/www.kekec.rs\\\/shop\\\/\"},{\"@type\":\"ListItem\",\"position\":3,\"name\":\"Plastelin Flex 10\\\/1\"}]},{\"@type\":\"WebSite\",\"@id\":\"https:\\\/\\\/www.kekec.rs\\\/#website\",\"url\":\"https:\\\/\\\/www.kekec.rs\\\/\",\"name\":\"Kekec\",\"description\":\"\",\"potentialAction\":[{\"@type\":\"SearchAction\",\"target\":{\"@type\":\"EntryPoint\",\"urlTemplate\":\"https:\\\/\\\/www.kekec.rs\\\/?s={search_term_string}\"},\"query-input\":{\"@type\":\"PropertyValueSpecification\",\"valueRequired\":true,\"valueName\":\"search_term_string\"}}],\"inLanguage\":\"en-US\"}]}<\/script>\n<!-- \/ Yoast SEO plugin. -->","yoast_head_json":{"title":"Plastelin Flex 10\/1 - Kekec","robots":{"index":"index","follow":"follow","max-snippet":"max-snippet:-1","max-image-preview":"max-image-preview:large","max-video-preview":"max-video-preview:-1"},"canonical":"https:\/\/www.kekec.rs\/en\/product\/plastelin-flex-10-1\/","og_locale":"en_US","og_type":"article","og_title":"Plastelin Flex 10\/1 - Kekec","og_description":"10 boja  Te\u017eina 125g  Prijatnog mirisa  Ne su\u0161i se na vazduhu  Boja ne ostaje na prstima  Rok trajanja neograni\u010den  \u010cuvati na temperaturi do 30 \u2103  Neotrovan  Za \u0161kolski uzrast","og_url":"https:\/\/www.kekec.rs\/en\/product\/plastelin-flex-10-1\/","og_site_name":"Kekec","article_modified_time":"2025-04-21T11:16:07+00:00","og_image":[{"width":900,"height":900,"url":"https:\/\/www.kekec.rs\/wp-content\/uploads\/2023\/02\/Plastelin-flex-10.jpg","type":"image\/jpeg"}],"twitter_card":"summary_large_image","twitter_misc":{"Est. reading time":"1 minute"},"schema":{"@context":"https:\/\/schema.org","@graph":[{"@type":"WebPage","@id":"https:\/\/www.kekec.rs\/product\/plastelin-flex-10-1\/","url":"https:\/\/www.kekec.rs\/product\/plastelin-flex-10-1\/","name":"Plastelin Flex 10\/1 - Kekec","isPartOf":{"@id":"https:\/\/www.kekec.rs\/#website"},"primaryImageOfPage":{"@id":"https:\/\/www.kekec.rs\/product\/plastelin-flex-10-1\/#primaryimage"},"image":{"@id":"https:\/\/www.kekec.rs\/product\/plastelin-flex-10-1\/#primaryimage"},"thumbnailUrl":"https:\/\/www.kekec.rs\/wp-content\/uploads\/2023\/02\/Plastelin-flex-10.jpg","datePublished":"2023-02-23T19:22:21+00:00","dateModified":"2025-04-21T11:16:07+00:00","breadcrumb":{"@id":"https:\/\/www.kekec.rs\/product\/plastelin-flex-10-1\/#breadcrumb"},"inLanguage":"en-US","potentialAction":[{"@type":"ReadAction","target":["https:\/\/www.kekec.rs\/product\/plastelin-flex-10-1\/"]}]},{"@type":"ImageObject","inLanguage":"en-US","@id":"https:\/\/www.kekec.rs\/product\/plastelin-flex-10-1\/#primaryimage","url":"https:\/\/www.kekec.rs\/wp-content\/uploads\/2023\/02\/Plastelin-flex-10.jpg","contentUrl":"https:\/\/www.kekec.rs\/wp-content\/uploads\/2023\/02\/Plastelin-flex-10.jpg","width":900,"height":900},{"@type":"BreadcrumbList","@id":"https:\/\/www.kekec.rs\/product\/plastelin-flex-10-1\/#breadcrumb","itemListElement":[{"@type":"ListItem","position":1,"name":"Home","item":"https:\/\/www.kekec.rs\/sr\/"},{"@type":"ListItem","position":2,"name":"Shop","item":"https:\/\/www.kekec.rs\/shop\/"},{"@type":"ListItem","position":3,"name":"Plastelin Flex 10\/1"}]},{"@type":"WebSite","@id":"https:\/\/www.kekec.rs\/#website","url":"https:\/\/www.kekec.rs\/","name":"Kekec","description":"","potentialAction":[{"@type":"SearchAction","target":{"@type":"EntryPoint","urlTemplate":"https:\/\/www.kekec.rs\/?s={search_term_string}"},"query-input":{"@type":"PropertyValueSpecification","valueRequired":true,"valueName":"search_term_string"}}],"inLanguage":"en-US"}]}},"_links":{"self":[{"href":"https:\/\/www.kekec.rs\/en\/wp-json\/wp\/v2\/product\/535","targetHints":{"allow":["GET"]}}],"collection":[{"href":"https:\/\/www.kekec.rs\/en\/wp-json\/wp\/v2\/product"}],"about":[{"href":"https:\/\/www.kekec.rs\/en\/wp-json\/wp\/v2\/types\/product"}],"replies":[{"embeddable":true,"href":"https:\/\/www.kekec.rs\/en\/wp-json\/wp\/v2\/comments?post=535"}],"wp:featuredmedia":[{"embeddable":true,"href":"https:\/\/www.kekec.rs\/en\/wp-json\/wp\/v2\/media\/648"}],"wp:attachment":[{"href":"https:\/\/www.kekec.rs\/en\/wp-json\/wp\/v2\/media?parent=535"}],"wp:term":[{"taxonomy":"product_brand","embeddable":true,"href":"https:\/\/www.kekec.rs\/en\/wp-json\/wp\/v2\/product_brand?post=535"},{"taxonomy":"product_cat","embeddable":true,"href":"https:\/\/www.kekec.rs\/en\/wp-json\/wp\/v2\/product_cat?post=535"},{"taxonomy":"product_tag","embeddable":true,"href":"https:\/\/www.kekec.rs\/en\/wp-json\/wp\/v2\/product_tag?post=535"}],"curies":[{"name":"wp","href":"https:\/\/api.w.org\/{rel}","templated":true}]}}