{"id":33,"date":"2023-02-12T12:51:03","date_gmt":"2023-02-12T11:51:03","guid":{"rendered":"http:\/\/www.kekec.rs\/?page_id=33"},"modified":"2023-04-12T22:13:11","modified_gmt":"2023-04-12T21:13:11","slug":"uradi-sam","status":"publish","type":"page","link":"https:\/\/www.kekec.rs\/sr\/uradi-sam\/","title":{"rendered":"Uradi sam"},"content":{"rendered":"<p>[et_pb_section fb_built=&#8220;1&#8243; custom_padding_last_edited=&#8220;on|phone&#8220; _builder_version=&#8220;4.20.2&#8243; _module_preset=&#8220;default&#8220; background_color=&#8220;#1bb4b9&#8243; custom_margin=&#8220;0px||0px||true|false&#8220; custom_padding=&#8220;50px||50px||true|false&#8220; custom_padding_tablet=&#8220;40px||40px||true|false&#8220; custom_padding_phone=&#8220;30px||30px||true|false&#8220; global_colors_info=&#8220;{}&#8220;][et_pb_row _builder_version=&#8220;4.20.1&#8243; _module_preset=&#8220;default&#8220; custom_margin=&#8220;0px||0px||true|false&#8220; custom_padding=&#8220;0px||0px||true|false&#8220; global_colors_info=&#8220;{}&#8220;][et_pb_column type=&#8220;4_4&#8243; _builder_version=&#8220;4.20.1&#8243; _module_preset=&#8220;default&#8220; custom_padding=&#8220;0px||0px||true|false&#8220; global_colors_info=&#8220;{}&#8220;][et_pb_text _builder_version=&#8220;4.20.2&#8243; _module_preset=&#8220;default&#8220; header_2_font=&#8220;PP-Eiko Medium|500||on|||||&#8220; header_2_text_align=&#8220;center&#8220; header_2_text_color=&#8220;#FFFFFF&#8220; header_2_font_size=&#8220;60px&#8220; custom_margin=&#8220;0px||0px||false|false&#8220; custom_padding=&#8220;0px||0px||true|false&#8220; header_2_font_size_tablet=&#8220;48px&#8220; header_2_font_size_phone=&#8220;36px&#8220; header_2_font_size_last_edited=&#8220;on|phone&#8220; global_colors_info=&#8220;{}&#8220;]<\/p>\n<h2>Uradi sam<\/h2>\n<p>[\/et_pb_text][\/et_pb_column][\/et_pb_row][\/et_pb_section][et_pb_section fb_built=&#8220;1&#8243; custom_padding_last_edited=&#8220;on|phone&#8220; _builder_version=&#8220;4.20.2&#8243; _module_preset=&#8220;default&#8220; custom_margin=&#8220;0px||0px||true|false&#8220; custom_padding=&#8220;150px||150px||true|false&#8220; custom_padding_tablet=&#8220;100px||100px||true|false&#8220; custom_padding_phone=&#8220;60px||60px||true|false&#8220; top_divider_style=&#8220;waves2&#8243; top_divider_color=&#8220;#1bb4b9&#8243; top_divider_height=&#8220;80px&#8220; top_divider_flip=&#8220;vertical|horizontal&#8220; top_divider_height_tablet=&#8220;80px&#8220; top_divider_height_phone=&#8220;0px&#8220; top_divider_height_last_edited=&#8220;on|phone&#8220; global_colors_info=&#8220;{}&#8220;][et_pb_row _builder_version=&#8220;4.20.4&#8243; _module_preset=&#8220;default&#8220; custom_margin=&#8220;0px||0px||true|false&#8220; custom_padding=&#8220;0px||0px||true|false&#8220; hover_enabled=&#8220;0&#8243; global_colors_info=&#8220;{}&#8220; sticky_enabled=&#8220;0&#8243;][et_pb_column type=&#8220;4_4&#8243; _builder_version=&#8220;4.20.1&#8243; _module_preset=&#8220;default&#8220; custom_padding=&#8220;0px||0px||true|false&#8220; global_colors_info=&#8220;{}&#8220;][et_pb_text _builder_version=&#8220;4.20.4&#8243; _module_preset=&#8220;default&#8220; text_font=&#8220;Rubik||||||||&#8220; text_text_color=&#8220;#000000&#8243; text_line_height=&#8220;1.4em&#8220; text_orientation=&#8220;center&#8220; width=&#8220;80%&#8220; width_tablet=&#8220;100%&#8220; width_phone=&#8220;100%&#8220; width_last_edited=&#8220;on|tablet&#8220; module_alignment=&#8220;center&#8220; hover_enabled=&#8220;0&#8243; global_colors_info=&#8220;{}&#8220; text_font_size_last_edited=&#8220;on|phone&#8220; sticky_enabled=&#8220;0&#8243; text_font_size_tablet=&#8220;18px&#8220; text_font_size_phone=&#8220;16px&#8220;]<\/p>\n<p>Sigurni smo u to da svako ima potencijal da bude kreativan i napravi svoje neverovatne kreacije od plastelina. Iz tog razloga smo odlu\u010dili da prika\u017eemo izdvojene primere radova koji su pre\u0161li put od dobre ideje do jo\u0161 boljeg dela.<\/p>\n<p style=\"font-weight: 300;\">\u0160iroki asortiman proizvoda od gline i plastelina olak\u0161ava vam stvaranje sopstvenih remek-dela od, bilo da ste umetnik, radite to iz zabave, hobija ili tek po\u010dinjete. Uz na\u0161e tutorijale koji se lako prate i korisne savete, mo\u0107i \u0107ete da kreirate sopstvene figurice, modele i jo\u0161 mnogo toga, sve u udobnosti svog doma.<\/p>\n<p style=\"font-weight: 300;\">Pa za\u0161to \u010dekati? Zapo\u010dnite svoju ,,uradi sam\u201d avanturu od plastelina ve\u0107 danas!<\/p>\n<p>[\/et_pb_text][\/et_pb_column][\/et_pb_row][et_pb_row _builder_version=&#8220;4.20.0&#8243; _module_preset=&#8220;default&#8220; custom_margin=&#8220;0px||0px||true|false&#8220; custom_padding=&#8220;0px||0px||true|false&#8220; global_colors_info=&#8220;{}&#8220;][et_pb_column type=&#8220;4_4&#8243; _builder_version=&#8220;4.20.0&#8243; _module_preset=&#8220;default&#8220; global_colors_info=&#8220;{}&#8220;][et_pb_text _builder_version=&#8220;4.20.1&#8243; _module_preset=&#8220;default&#8220; header_3_font=&#8220;PP-Eiko Medium||||||||&#8220; header_3_text_align=&#8220;center&#8220; header_3_text_color=&#8220;#000000&#8243; header_3_font_size=&#8220;40px&#8220; custom_margin=&#8220;80px||||false|false&#8220; header_3_font_size_tablet=&#8220;36px&#8220; header_3_font_size_phone=&#8220;28px&#8220; header_3_font_size_last_edited=&#8220;on|phone&#8220; global_colors_info=&#8220;{}&#8220;]<\/p>\n<h3>Osnovni nivo<\/h3>\n<p>[\/et_pb_text][\/et_pb_column][\/et_pb_row][et_pb_row column_structure=&#8220;1_3,1_3,1_3&#8243; _builder_version=&#8220;4.20.0&#8243; _module_preset=&#8220;default&#8220; global_colors_info=&#8220;{}&#8220;][et_pb_column type=&#8220;1_3&#8243; _builder_version=&#8220;4.20.0&#8243; _module_preset=&#8220;default&#8220; global_colors_info=&#8220;{}&#8220;][et_pb_image src=&#8220;https:\/\/www.kekec.rs\/wp-content\/uploads\/2023\/03\/Uputstva_stampa-16.jpg&#8220; title_text=&#8220;Uputstva_stampa-16&#8243; show_in_lightbox=&#8220;on&#8220; _builder_version=&#8220;4.20.0&#8243; _module_preset=&#8220;default&#8220; global_colors_info=&#8220;{}&#8220;][\/et_pb_image][\/et_pb_column][et_pb_column type=&#8220;1_3&#8243; _builder_version=&#8220;4.20.0&#8243; _module_preset=&#8220;default&#8220; global_colors_info=&#8220;{}&#8220;][et_pb_image src=&#8220;https:\/\/www.kekec.rs\/wp-content\/uploads\/2023\/03\/Uputstva_stampa-15.jpg&#8220; title_text=&#8220;Uputstva_stampa-15&#8243; show_in_lightbox=&#8220;on&#8220; _builder_version=&#8220;4.20.0&#8243; _module_preset=&#8220;default&#8220; global_colors_info=&#8220;{}&#8220;][\/et_pb_image][\/et_pb_column][et_pb_column type=&#8220;1_3&#8243; _builder_version=&#8220;4.20.0&#8243; _module_preset=&#8220;default&#8220; global_colors_info=&#8220;{}&#8220;][et_pb_image src=&#8220;https:\/\/www.kekec.rs\/wp-content\/uploads\/2023\/03\/Uputstva_stampa-17.jpg&#8220; title_text=&#8220;Uputstva_stampa-17&#8243; show_in_lightbox=&#8220;on&#8220; _builder_version=&#8220;4.20.0&#8243; _module_preset=&#8220;default&#8220; global_colors_info=&#8220;{}&#8220;][\/et_pb_image][\/et_pb_column][\/et_pb_row][et_pb_row _builder_version=&#8220;4.20.0&#8243; _module_preset=&#8220;default&#8220; custom_margin=&#8220;0px||0px||true|false&#8220; custom_padding=&#8220;0px||0px||true|false&#8220; global_colors_info=&#8220;{}&#8220;][et_pb_column type=&#8220;4_4&#8243; _builder_version=&#8220;4.20.0&#8243; _module_preset=&#8220;default&#8220; global_colors_info=&#8220;{}&#8220;][et_pb_text _builder_version=&#8220;4.20.0&#8243; _module_preset=&#8220;default&#8220; header_3_font=&#8220;PP-Eiko Medium||||||||&#8220; header_3_text_align=&#8220;center&#8220; header_3_text_color=&#8220;#000000&#8243; header_3_font_size=&#8220;40px&#8220; custom_margin=&#8220;80px||||false|false&#8220; header_3_font_size_tablet=&#8220;36px&#8220; header_3_font_size_phone=&#8220;28px&#8220; header_3_font_size_last_edited=&#8220;on|phone&#8220; global_colors_info=&#8220;{}&#8220;]<\/p>\n<h3>Srednji nivo<\/h3>\n<p>[\/et_pb_text][\/et_pb_column][\/et_pb_row][et_pb_row column_structure=&#8220;1_3,1_3,1_3&#8243; _builder_version=&#8220;4.20.0&#8243; _module_preset=&#8220;default&#8220; global_colors_info=&#8220;{}&#8220;][et_pb_column type=&#8220;1_3&#8243; _builder_version=&#8220;4.20.0&#8243; _module_preset=&#8220;default&#8220; global_colors_info=&#8220;{}&#8220;][et_pb_image src=&#8220;https:\/\/www.kekec.rs\/wp-content\/uploads\/2023\/03\/Uputstva_stampa-1-srednji.jpg&#8220; title_text=&#8220;Uputstva_stampa-1-srednji&#8220; show_in_lightbox=&#8220;on&#8220; _builder_version=&#8220;4.20.1&#8243; _module_preset=&#8220;default&#8220; global_colors_info=&#8220;{}&#8220;][\/et_pb_image][\/et_pb_column][et_pb_column type=&#8220;1_3&#8243; _builder_version=&#8220;4.20.0&#8243; _module_preset=&#8220;default&#8220; global_colors_info=&#8220;{}&#8220;][et_pb_image src=&#8220;https:\/\/www.kekec.rs\/wp-content\/uploads\/2023\/03\/Uputstva_stampa-3-srednji1.jpg&#8220; title_text=&#8220;Uputstva_stampa-3-srednji1&#8243; show_in_lightbox=&#8220;on&#8220; _builder_version=&#8220;4.20.1&#8243; _module_preset=&#8220;default&#8220; global_colors_info=&#8220;{}&#8220;][\/et_pb_image][\/et_pb_column][et_pb_column type=&#8220;1_3&#8243; _builder_version=&#8220;4.20.0&#8243; _module_preset=&#8220;default&#8220; global_colors_info=&#8220;{}&#8220;][et_pb_image src=&#8220;https:\/\/www.kekec.rs\/wp-content\/uploads\/2023\/03\/Uputstva_stampa-4-srednji2.jpg&#8220; title_text=&#8220;Uputstva_stampa-4-srednji2&#8243; show_in_lightbox=&#8220;on&#8220; _builder_version=&#8220;4.20.1&#8243; _module_preset=&#8220;default&#8220; global_colors_info=&#8220;{}&#8220;][\/et_pb_image][\/et_pb_column][\/et_pb_row][et_pb_row column_structure=&#8220;1_3,1_3,1_3&#8243; _builder_version=&#8220;4.20.0&#8243; _module_preset=&#8220;default&#8220; global_colors_info=&#8220;{}&#8220;][et_pb_column type=&#8220;1_3&#8243; _builder_version=&#8220;4.20.0&#8243; _module_preset=&#8220;default&#8220; global_colors_info=&#8220;{}&#8220;][et_pb_image src=&#8220;https:\/\/www.kekec.rs\/wp-content\/uploads\/2023\/03\/Uputstva_stampa-9-srednji3.jpg&#8220; title_text=&#8220;Uputstva_stampa-9-srednji3&#8243; show_in_lightbox=&#8220;on&#8220; _builder_version=&#8220;4.20.1&#8243; _module_preset=&#8220;default&#8220; global_colors_info=&#8220;{}&#8220;][\/et_pb_image][\/et_pb_column][et_pb_column type=&#8220;1_3&#8243; _builder_version=&#8220;4.20.0&#8243; _module_preset=&#8220;default&#8220; global_colors_info=&#8220;{}&#8220;][et_pb_image src=&#8220;https:\/\/www.kekec.rs\/wp-content\/uploads\/2023\/03\/Uputstva_stampa-10-srednji4.jpg&#8220; title_text=&#8220;Uputstva_stampa-10-srednji4&#8243; show_in_lightbox=&#8220;on&#8220; _builder_version=&#8220;4.20.1&#8243; _module_preset=&#8220;default&#8220; global_colors_info=&#8220;{}&#8220;][\/et_pb_image][\/et_pb_column][et_pb_column type=&#8220;1_3&#8243; _builder_version=&#8220;4.20.0&#8243; _module_preset=&#8220;default&#8220; global_colors_info=&#8220;{}&#8220;][et_pb_image src=&#8220;https:\/\/www.kekec.rs\/wp-content\/uploads\/2023\/03\/Uputstva_stampa-11-srednji5.jpg&#8220; title_text=&#8220;Uputstva_stampa-11-srednji5&#8243; show_in_lightbox=&#8220;on&#8220; _builder_version=&#8220;4.20.1&#8243; _module_preset=&#8220;default&#8220; global_colors_info=&#8220;{}&#8220;][\/et_pb_image][\/et_pb_column][\/et_pb_row][et_pb_row column_structure=&#8220;1_2,1_2&#8243; _builder_version=&#8220;4.20.0&#8243; _module_preset=&#8220;default&#8220; global_colors_info=&#8220;{}&#8220;][et_pb_column type=&#8220;1_2&#8243; _builder_version=&#8220;4.20.0&#8243; _module_preset=&#8220;default&#8220; global_colors_info=&#8220;{}&#8220;][et_pb_image src=&#8220;https:\/\/www.kekec.rs\/wp-content\/uploads\/2023\/03\/Uputstva_stampa-14-srednji6.jpg&#8220; title_text=&#8220;Uputstva_stampa-14-srednji6&#8243; show_in_lightbox=&#8220;on&#8220; _builder_version=&#8220;4.20.1&#8243; _module_preset=&#8220;default&#8220; global_colors_info=&#8220;{}&#8220;][\/et_pb_image][\/et_pb_column][et_pb_column type=&#8220;1_2&#8243; _builder_version=&#8220;4.20.0&#8243; _module_preset=&#8220;default&#8220; global_colors_info=&#8220;{}&#8220;][et_pb_image src=&#8220;https:\/\/www.kekec.rs\/wp-content\/uploads\/2023\/03\/Uputstva_stampa-13-srednji6.jpg&#8220; title_text=&#8220;Uputstva_stampa-13-srednji6&#8243; show_in_lightbox=&#8220;on&#8220; _builder_version=&#8220;4.20.1&#8243; _module_preset=&#8220;default&#8220; global_colors_info=&#8220;{}&#8220;][\/et_pb_image][\/et_pb_column][\/et_pb_row][et_pb_row _builder_version=&#8220;4.20.0&#8243; _module_preset=&#8220;default&#8220; custom_margin=&#8220;0px||0px||true|false&#8220; custom_padding=&#8220;0px||0px||true|false&#8220; global_colors_info=&#8220;{}&#8220;][et_pb_column type=&#8220;4_4&#8243; _builder_version=&#8220;4.20.0&#8243; _module_preset=&#8220;default&#8220; global_colors_info=&#8220;{}&#8220;][et_pb_text _builder_version=&#8220;4.20.0&#8243; _module_preset=&#8220;default&#8220; header_3_font=&#8220;PP-Eiko Medium||||||||&#8220; header_3_text_align=&#8220;center&#8220; header_3_text_color=&#8220;#000000&#8243; header_3_font_size=&#8220;40px&#8220; custom_margin=&#8220;80px||||false|false&#8220; header_3_font_size_tablet=&#8220;36px&#8220; header_3_font_size_phone=&#8220;28px&#8220; header_3_font_size_last_edited=&#8220;on|phone&#8220; global_colors_info=&#8220;{}&#8220;]<\/p>\n<h3>Napredni nivo<\/h3>\n<p>[\/et_pb_text][\/et_pb_column][\/et_pb_row][et_pb_row column_structure=&#8220;1_3,1_3,1_3&#8243; _builder_version=&#8220;4.20.0&#8243; _module_preset=&#8220;default&#8220; global_colors_info=&#8220;{}&#8220;][et_pb_column type=&#8220;1_3&#8243; _builder_version=&#8220;4.20.0&#8243; _module_preset=&#8220;default&#8220; global_colors_info=&#8220;{}&#8220;][et_pb_image src=&#8220;https:\/\/www.kekec.rs\/wp-content\/uploads\/2023\/03\/Uputstva_stampa-2-napredni.jpg&#8220; title_text=&#8220;Uputstva_stampa-2-napredni&#8220; show_in_lightbox=&#8220;on&#8220; _builder_version=&#8220;4.20.1&#8243; _module_preset=&#8220;default&#8220; global_colors_info=&#8220;{}&#8220;][\/et_pb_image][\/et_pb_column][et_pb_column type=&#8220;1_3&#8243; _builder_version=&#8220;4.20.0&#8243; _module_preset=&#8220;default&#8220; global_colors_info=&#8220;{}&#8220;][et_pb_image src=&#8220;https:\/\/www.kekec.rs\/wp-content\/uploads\/2023\/03\/Uputstva_stampa-5-napredni1.jpg&#8220; title_text=&#8220;Uputstva_stampa-5-napredni1&#8243; show_in_lightbox=&#8220;on&#8220; _builder_version=&#8220;4.20.1&#8243; _module_preset=&#8220;default&#8220; global_colors_info=&#8220;{}&#8220;][\/et_pb_image][\/et_pb_column][et_pb_column type=&#8220;1_3&#8243; _builder_version=&#8220;4.20.0&#8243; _module_preset=&#8220;default&#8220; global_colors_info=&#8220;{}&#8220;][et_pb_image src=&#8220;https:\/\/www.kekec.rs\/wp-content\/uploads\/2023\/03\/Uputstva_stampa-6-napredni2.jpg&#8220; title_text=&#8220;Uputstva_stampa-6-napredni2&#8243; show_in_lightbox=&#8220;on&#8220; _builder_version=&#8220;4.20.1&#8243; _module_preset=&#8220;default&#8220; global_colors_info=&#8220;{}&#8220;][\/et_pb_image][\/et_pb_column][\/et_pb_row][et_pb_row column_structure=&#8220;1_3,1_3,1_3&#8243; _builder_version=&#8220;4.20.0&#8243; _module_preset=&#8220;default&#8220; global_colors_info=&#8220;{}&#8220;][et_pb_column type=&#8220;1_3&#8243; _builder_version=&#8220;4.20.0&#8243; _module_preset=&#8220;default&#8220; global_colors_info=&#8220;{}&#8220;][et_pb_image src=&#8220;https:\/\/www.kekec.rs\/wp-content\/uploads\/2023\/03\/Uputstva_stampa-7-napredni3.jpg&#8220; title_text=&#8220;Uputstva_stampa-7-napredni3&#8243; show_in_lightbox=&#8220;on&#8220; _builder_version=&#8220;4.20.1&#8243; _module_preset=&#8220;default&#8220; global_colors_info=&#8220;{}&#8220;][\/et_pb_image][\/et_pb_column][et_pb_column type=&#8220;1_3&#8243; _builder_version=&#8220;4.20.0&#8243; _module_preset=&#8220;default&#8220; global_colors_info=&#8220;{}&#8220;][et_pb_image src=&#8220;https:\/\/www.kekec.rs\/wp-content\/uploads\/2023\/03\/Uputstva_stampa-8-napredni4.jpg&#8220; title_text=&#8220;Uputstva_stampa-8-napredni4&#8243; show_in_lightbox=&#8220;on&#8220; _builder_version=&#8220;4.20.1&#8243; _module_preset=&#8220;default&#8220; global_colors_info=&#8220;{}&#8220;][\/et_pb_image][\/et_pb_column][et_pb_column type=&#8220;1_3&#8243; _builder_version=&#8220;4.20.0&#8243; _module_preset=&#8220;default&#8220; global_colors_info=&#8220;{}&#8220;][et_pb_image src=&#8220;https:\/\/www.kekec.rs\/wp-content\/uploads\/2023\/03\/Uputstva_stampa-12-napredni5.jpg&#8220; title_text=&#8220;Uputstva_stampa-12-napredni5&#8243; show_in_lightbox=&#8220;on&#8220; _builder_version=&#8220;4.20.1&#8243; _module_preset=&#8220;default&#8220; global_colors_info=&#8220;{}&#8220;][\/et_pb_image][\/et_pb_column][\/et_pb_row][\/et_pb_section]<\/p>\n","protected":false},"excerpt":{"rendered":"<p>Uradi samSigurni smo u to da svako ima potencijal da bude kreativan i napravi svoje neverovatne kreacije od plastelina. Iz tog razloga smo odlu\u010dili da prika\u017eemo izdvojene primere radova koji su pre\u0161li put od dobre ideje do jo\u0161 boljeg dela. \u0160iroki asortiman proizvoda od gline i plastelina olak\u0161ava vam stvaranje sopstvenih remek-dela od, bilo da [&hellip;]<\/p>\n","protected":false},"author":1,"featured_media":0,"parent":0,"menu_order":0,"comment_status":"closed","ping_status":"closed","template":"","meta":{"_et_pb_use_builder":"on","_et_pb_old_content":"<!-- wp:divi\/placeholder \/-->","_et_gb_content_width":"","inline_featured_image":false,"footnotes":""},"class_list":["post-33","page","type-page","status-publish","hentry"],"acf":[],"yoast_head":"<!-- This site is optimized with the Yoast SEO plugin v27.6 - https:\/\/yoast.com\/product\/yoast-seo-wordpress\/ -->\n<title>Uradi sam - Kekec<\/title>\n<meta name=\"robots\" content=\"index, follow, max-snippet:-1, max-image-preview:large, max-video-preview:-1\" \/>\n<link rel=\"canonical\" href=\"https:\/\/www.kekec.rs\/sr\/uradi-sam\/\" \/>\n<meta property=\"og:locale\" content=\"sr_RS\" \/>\n<meta property=\"og:type\" content=\"article\" \/>\n<meta property=\"og:title\" content=\"Uradi sam - Kekec\" \/>\n<meta property=\"og:description\" content=\"Uradi samSigurni smo u to da svako ima potencijal da bude kreativan i napravi svoje neverovatne kreacije od plastelina. Iz tog razloga smo odlu\u010dili da prika\u017eemo izdvojene primere radova koji su pre\u0161li put od dobre ideje do jo\u0161 boljeg dela. \u0160iroki asortiman proizvoda od gline i plastelina olak\u0161ava vam stvaranje sopstvenih remek-dela od, bilo da [&hellip;]\" \/>\n<meta property=\"og:url\" content=\"https:\/\/www.kekec.rs\/sr\/uradi-sam\/\" \/>\n<meta property=\"og:site_name\" content=\"Kekec\" \/>\n<meta property=\"article:modified_time\" content=\"2023-04-12T21:13:11+00:00\" \/>\n<meta name=\"twitter:card\" content=\"summary_large_image\" \/>\n<meta name=\"twitter:label1\" content=\"\u041f\u0440\u043e\u0446\u0435\u045a\u0435\u043d\u043e \u0432\u0440\u0435\u043c\u0435 \u0447\u0438\u0442\u0430\u045a\u0430\" \/>\n\t<meta name=\"twitter:data1\" content=\"8 \u043c\u0438\u043d\u0443\u0442\u0430\" \/>\n<script type=\"application\/ld+json\" class=\"yoast-schema-graph\">{\"@context\":\"https:\\\/\\\/schema.org\",\"@graph\":[{\"@type\":\"WebPage\",\"@id\":\"https:\\\/\\\/www.kekec.rs\\\/uradi-sam\\\/\",\"url\":\"https:\\\/\\\/www.kekec.rs\\\/uradi-sam\\\/\",\"name\":\"Uradi sam - Kekec\",\"isPartOf\":{\"@id\":\"https:\\\/\\\/www.kekec.rs\\\/#website\"},\"datePublished\":\"2023-02-12T11:51:03+00:00\",\"dateModified\":\"2023-04-12T21:13:11+00:00\",\"breadcrumb\":{\"@id\":\"https:\\\/\\\/www.kekec.rs\\\/uradi-sam\\\/#breadcrumb\"},\"inLanguage\":\"sr-RS\",\"potentialAction\":[{\"@type\":\"ReadAction\",\"target\":[\"https:\\\/\\\/www.kekec.rs\\\/uradi-sam\\\/\"]}]},{\"@type\":\"BreadcrumbList\",\"@id\":\"https:\\\/\\\/www.kekec.rs\\\/uradi-sam\\\/#breadcrumb\",\"itemListElement\":[{\"@type\":\"ListItem\",\"position\":1,\"name\":\"Home\",\"item\":\"https:\\\/\\\/www.kekec.rs\\\/sr\\\/\"},{\"@type\":\"ListItem\",\"position\":2,\"name\":\"Uradi sam\"}]},{\"@type\":\"WebSite\",\"@id\":\"https:\\\/\\\/www.kekec.rs\\\/#website\",\"url\":\"https:\\\/\\\/www.kekec.rs\\\/\",\"name\":\"Kekec\",\"description\":\"\",\"potentialAction\":[{\"@type\":\"SearchAction\",\"target\":{\"@type\":\"EntryPoint\",\"urlTemplate\":\"https:\\\/\\\/www.kekec.rs\\\/?s={search_term_string}\"},\"query-input\":{\"@type\":\"PropertyValueSpecification\",\"valueRequired\":true,\"valueName\":\"search_term_string\"}}],\"inLanguage\":\"sr-RS\"}]}<\/script>\n<!-- \/ Yoast SEO plugin. -->","yoast_head_json":{"title":"Uradi sam - Kekec","robots":{"index":"index","follow":"follow","max-snippet":"max-snippet:-1","max-image-preview":"max-image-preview:large","max-video-preview":"max-video-preview:-1"},"canonical":"https:\/\/www.kekec.rs\/sr\/uradi-sam\/","og_locale":"sr_RS","og_type":"article","og_title":"Uradi sam - Kekec","og_description":"Uradi samSigurni smo u to da svako ima potencijal da bude kreativan i napravi svoje neverovatne kreacije od plastelina. Iz tog razloga smo odlu\u010dili da prika\u017eemo izdvojene primere radova koji su pre\u0161li put od dobre ideje do jo\u0161 boljeg dela. \u0160iroki asortiman proizvoda od gline i plastelina olak\u0161ava vam stvaranje sopstvenih remek-dela od, bilo da [&hellip;]","og_url":"https:\/\/www.kekec.rs\/sr\/uradi-sam\/","og_site_name":"Kekec","article_modified_time":"2023-04-12T21:13:11+00:00","twitter_card":"summary_large_image","twitter_misc":{"\u041f\u0440\u043e\u0446\u0435\u045a\u0435\u043d\u043e \u0432\u0440\u0435\u043c\u0435 \u0447\u0438\u0442\u0430\u045a\u0430":"8 \u043c\u0438\u043d\u0443\u0442\u0430"},"schema":{"@context":"https:\/\/schema.org","@graph":[{"@type":"WebPage","@id":"https:\/\/www.kekec.rs\/uradi-sam\/","url":"https:\/\/www.kekec.rs\/uradi-sam\/","name":"Uradi sam - Kekec","isPartOf":{"@id":"https:\/\/www.kekec.rs\/#website"},"datePublished":"2023-02-12T11:51:03+00:00","dateModified":"2023-04-12T21:13:11+00:00","breadcrumb":{"@id":"https:\/\/www.kekec.rs\/uradi-sam\/#breadcrumb"},"inLanguage":"sr-RS","potentialAction":[{"@type":"ReadAction","target":["https:\/\/www.kekec.rs\/uradi-sam\/"]}]},{"@type":"BreadcrumbList","@id":"https:\/\/www.kekec.rs\/uradi-sam\/#breadcrumb","itemListElement":[{"@type":"ListItem","position":1,"name":"Home","item":"https:\/\/www.kekec.rs\/sr\/"},{"@type":"ListItem","position":2,"name":"Uradi sam"}]},{"@type":"WebSite","@id":"https:\/\/www.kekec.rs\/#website","url":"https:\/\/www.kekec.rs\/","name":"Kekec","description":"","potentialAction":[{"@type":"SearchAction","target":{"@type":"EntryPoint","urlTemplate":"https:\/\/www.kekec.rs\/?s={search_term_string}"},"query-input":{"@type":"PropertyValueSpecification","valueRequired":true,"valueName":"search_term_string"}}],"inLanguage":"sr-RS"}]}},"_links":{"self":[{"href":"https:\/\/www.kekec.rs\/sr\/wp-json\/wp\/v2\/pages\/33","targetHints":{"allow":["GET"]}}],"collection":[{"href":"https:\/\/www.kekec.rs\/sr\/wp-json\/wp\/v2\/pages"}],"about":[{"href":"https:\/\/www.kekec.rs\/sr\/wp-json\/wp\/v2\/types\/page"}],"author":[{"embeddable":true,"href":"https:\/\/www.kekec.rs\/sr\/wp-json\/wp\/v2\/users\/1"}],"replies":[{"embeddable":true,"href":"https:\/\/www.kekec.rs\/sr\/wp-json\/wp\/v2\/comments?post=33"}],"version-history":[{"count":55,"href":"https:\/\/www.kekec.rs\/sr\/wp-json\/wp\/v2\/pages\/33\/revisions"}],"predecessor-version":[{"id":1203,"href":"https:\/\/www.kekec.rs\/sr\/wp-json\/wp\/v2\/pages\/33\/revisions\/1203"}],"wp:attachment":[{"href":"https:\/\/www.kekec.rs\/sr\/wp-json\/wp\/v2\/media?parent=33"}],"curies":[{"name":"wp","href":"https:\/\/api.w.org\/{rel}","templated":true}]}}