{"id":37,"date":"2023-02-12T12:51:24","date_gmt":"2023-02-12T11:51:24","guid":{"rendered":"http:\/\/www.kekec.rs\/?page_id=37"},"modified":"2023-10-25T07:58:41","modified_gmt":"2023-10-25T06:58:41","slug":"o-nama","status":"publish","type":"page","link":"https:\/\/www.kekec.rs\/sr\/o-nama\/","title":{"rendered":"O nama"},"content":{"rendered":"<p>[et_pb_section fb_built=&#8220;1&#8243; custom_padding_last_edited=&#8220;on|phone&#8220; _builder_version=&#8220;4.20.2&#8243; _module_preset=&#8220;default&#8220; background_color=&#8220;#1bb4b9&#8243; custom_margin=&#8220;0px||0px||true|false&#8220; custom_padding=&#8220;50px||50px||true|false&#8220; custom_padding_tablet=&#8220;40px||40px||true|false&#8220; custom_padding_phone=&#8220;30px||30px||true|false&#8220; global_colors_info=&#8220;{}&#8220;][et_pb_row _builder_version=&#8220;4.20.0&#8243; _module_preset=&#8220;default&#8220; custom_margin=&#8220;0px||0px||true|false&#8220; custom_padding=&#8220;0px||0px||true|false&#8220; global_colors_info=&#8220;{}&#8220;][et_pb_column type=&#8220;4_4&#8243; _builder_version=&#8220;4.20.0&#8243; _module_preset=&#8220;default&#8220; global_colors_info=&#8220;{}&#8220;][et_pb_text _builder_version=&#8220;4.20.2&#8243; _module_preset=&#8220;default&#8220; header_2_font=&#8220;PP-Eiko Medium|500||on|||||&#8220; header_2_text_align=&#8220;center&#8220; header_2_text_color=&#8220;#FFFFFF&#8220; header_2_font_size=&#8220;60px&#8220; header_2_letter_spacing=&#8220;2px&#8220; custom_margin=&#8220;0px||0px||true|false&#8220; custom_padding=&#8220;0px||0px||true|false&#8220; header_2_font_size_tablet=&#8220;48px&#8220; header_2_font_size_phone=&#8220;36px&#8220; header_2_font_size_last_edited=&#8220;on|phone&#8220; global_colors_info=&#8220;{}&#8220;]<\/p>\n<h2>O Nama<\/h2>\n<p>[\/et_pb_text][\/et_pb_column][\/et_pb_row][\/et_pb_section][et_pb_section fb_built=&#8220;1&#8243; custom_padding_last_edited=&#8220;on|phone&#8220; _builder_version=&#8220;4.20.2&#8243; _module_preset=&#8220;default&#8220; custom_margin=&#8220;0px||0px||true|false&#8220; custom_padding=&#8220;150px||150px||true|false&#8220; custom_padding_tablet=&#8220;100px||100px||true|false&#8220; custom_padding_phone=&#8220;60px||60px||true|false&#8220; top_divider_style=&#8220;waves2&#8243; top_divider_color=&#8220;#1bb4b9&#8243; top_divider_height=&#8220;80px&#8220; top_divider_flip=&#8220;horizontal|vertical&#8220; top_divider_height_tablet=&#8220;80px&#8220; top_divider_height_phone=&#8220;0px&#8220; top_divider_height_last_edited=&#8220;on|phone&#8220; global_colors_info=&#8220;{}&#8220;][et_pb_row column_structure=&#8220;2_5,3_5&#8243; _builder_version=&#8220;4.20.2&#8243; _module_preset=&#8220;default&#8220; width=&#8220;90%&#8220; max_width=&#8220;1440px&#8220; custom_margin=&#8220;0px||0px||true|false&#8220; custom_padding=&#8220;0px||0px||true|false&#8220; custom_css_main_element=&#8220;display: flex;||justify-content: center;||align-items: center;&#8220; global_colors_info=&#8220;{}&#8220; custom_css_main_element_last_edited=&#8220;on|phone&#8220; custom_css_main_element_tablet=&#8220;flex-direction: column;&#8220; custom_css_main_element_phone=&#8220;flex-direction: column;&#8220;][et_pb_column type=&#8220;2_5&#8243; _builder_version=&#8220;4.19.5&#8243; _module_preset=&#8220;default&#8220; global_colors_info=&#8220;{}&#8220;][et_pb_text _builder_version=&#8220;4.20.2&#8243; _module_preset=&#8220;default&#8220; text_font=&#8220;Rubik|300|||||||&#8220; text_font_size=&#8220;18px&#8220; text_line_height=&#8220;1.4em&#8220; global_colors_info=&#8220;{}&#8220;]<\/p>\n<p>Dobrodo\u0161li na na\u0161u stranicu, va\u0161e odredi\u0161te za visokokvalitetne proizvode za umetni\u010dko stvaranje. Nudimo \u0161irok spektar masa za oblikovanje namenjen deci, \u0111acima, umetnicima, hobistima i za sve one koji \u017eele da stvaraju.<\/p>\n<p>Kekec je osnovan 1998. godine sa sedi\u0161tem u Gornjem Milanovcu, gradu u kome svaki proizvod dobije epitet \u201ebrend\u201c. Mi smo firma koja oblikuje Va\u0161e ideje. Na\u0161a proizvodna linija nudi sigurnost i zadovoljstvo. Proizvodimo \u0161irok spektar proizvoda od gline, glinamola, plastelina i Kidolina &#8211; mase za oblikovanje namenjena najmla\u0111ima.<\/p>\n<p>Predanim radom uspeli smo da napravimo prepoznatljiv brend. Kvalitetom, asortimanom i uslugom ve\u0107 25 godina izlazimo u susret svakom kupcu i potro\u0161a\u010du. Svi na\u0161i proizvodi poseduju atest o zdravstvenoj ispravnosti, tako da su Kekec plastelin, Kidolino, glinamol i glina neotrovni i bezbedni za upotrebu kod dece svih uzrasta.<\/p>\n<p>Sa ponosom mo\u017eemo da istaknemo da je danas Kekec moderna firma sa jasno definisanom strategijom i ciljevima razvoja, posve\u0107ena stalnom unapre\u0111enju kvaliteta i asortimana proizvoda i izgradnji dugoro\u010dne uspe\u0161ne saradnje sa na\u0161im partnerima u proizvodnji i distribuciji. Na\u0161 cilj je zadovoljiti potrebe svih na\u0161ih klijenata, stoga smo u mogu\u0107nosti prilagoditi svoje proizvode i usluge prema individualnim potrebama. Nudimo konkurentne cene i brzu dostavu, kako bismo osigurali da na\u0161i kupci uvek budu zadovoljni na\u0161im proizvodima i uslugama.<\/p>\n<p>[\/et_pb_text][\/et_pb_column][et_pb_column type=&#8220;3_5&#8243; _builder_version=&#8220;4.19.5&#8243; _module_preset=&#8220;default&#8220; global_colors_info=&#8220;{}&#8220;][et_pb_video src=&#8220;https:\/\/www.youtube.com\/watch?v=xOT24RBkjaA&#038;ab_channel=Kekec&#8220; _builder_version=&#8220;4.20.0&#8243; _module_preset=&#8220;default&#8220; global_colors_info=&#8220;{}&#8220;][\/et_pb_video][et_pb_text _builder_version=&#8220;4.20.4&#8243; _module_preset=&#8220;default&#8220; text_font=&#8220;Rubik|300|||||||&#8220; text_text_color=&#8220;#000000&#8243; module_alignment=&#8220;center&#8220; hover_enabled=&#8220;0&#8243; global_colors_info=&#8220;{}&#8220; sticky_enabled=&#8220;0&#8243;]<\/p>\n<p><em>,,Sva deca su ro\u0111eni umetnici. Problem je kako da se ostane umetnik i nakon \u0161to se poraste.&#8220;<\/em><br \/><em>Pablo Pikaso<\/em><\/p>\n<p>[\/et_pb_text][\/et_pb_column][\/et_pb_row][\/et_pb_section]<\/p>\n","protected":false},"excerpt":{"rendered":"<p>O NamaDobrodo\u0161li na na\u0161u stranicu, va\u0161e odredi\u0161te za visokokvalitetne proizvode za umetni\u010dko stvaranje. Nudimo \u0161irok spektar masa za oblikovanje namenjen deci, \u0111acima, umetnicima, hobistima i za sve one koji \u017eele da stvaraju. Kekec je osnovan 1998. godine sa sedi\u0161tem u Gornjem Milanovcu, gradu u kome svaki proizvod dobije epitet \u201ebrend\u201c. Mi smo firma koja oblikuje [&hellip;]<\/p>\n","protected":false},"author":1,"featured_media":0,"parent":0,"menu_order":0,"comment_status":"closed","ping_status":"closed","template":"","meta":{"_et_pb_use_builder":"on","_et_pb_old_content":"<!-- wp:divi\/placeholder \/-->","_et_gb_content_width":"","inline_featured_image":false,"footnotes":""},"class_list":["post-37","page","type-page","status-publish","hentry"],"acf":[],"yoast_head":"<!-- This site is optimized with the Yoast SEO plugin v27.4 - https:\/\/yoast.com\/product\/yoast-seo-wordpress\/ -->\n<title>O nama - Kekec<\/title>\n<meta name=\"robots\" content=\"index, follow, max-snippet:-1, max-image-preview:large, max-video-preview:-1\" \/>\n<link rel=\"canonical\" href=\"https:\/\/www.kekec.rs\/sr\/o-nama\/\" \/>\n<meta property=\"og:locale\" content=\"sr_RS\" \/>\n<meta property=\"og:type\" content=\"article\" \/>\n<meta property=\"og:title\" content=\"O nama - Kekec\" \/>\n<meta property=\"og:description\" content=\"O NamaDobrodo\u0161li na na\u0161u stranicu, va\u0161e odredi\u0161te za visokokvalitetne proizvode za umetni\u010dko stvaranje. Nudimo \u0161irok spektar masa za oblikovanje namenjen deci, \u0111acima, umetnicima, hobistima i za sve one koji \u017eele da stvaraju. Kekec je osnovan 1998. godine sa sedi\u0161tem u Gornjem Milanovcu, gradu u kome svaki proizvod dobije epitet \u201ebrend\u201c. Mi smo firma koja oblikuje [&hellip;]\" \/>\n<meta property=\"og:url\" content=\"https:\/\/www.kekec.rs\/sr\/o-nama\/\" \/>\n<meta property=\"og:site_name\" content=\"Kekec\" \/>\n<meta property=\"article:modified_time\" content=\"2023-10-25T06:58:41+00:00\" \/>\n<meta name=\"twitter:card\" content=\"summary_large_image\" \/>\n<meta name=\"twitter:label1\" content=\"\u041f\u0440\u043e\u0446\u0435\u045a\u0435\u043d\u043e \u0432\u0440\u0435\u043c\u0435 \u0447\u0438\u0442\u0430\u045a\u0430\" \/>\n\t<meta name=\"twitter:data1\" content=\"3 \u043c\u0438\u043d\u0443\u0442\u0430\" \/>\n<script type=\"application\/ld+json\" class=\"yoast-schema-graph\">{\"@context\":\"https:\\\/\\\/schema.org\",\"@graph\":[{\"@type\":\"WebPage\",\"@id\":\"https:\\\/\\\/www.kekec.rs\\\/o-nama\\\/\",\"url\":\"https:\\\/\\\/www.kekec.rs\\\/o-nama\\\/\",\"name\":\"O nama - Kekec\",\"isPartOf\":{\"@id\":\"https:\\\/\\\/www.kekec.rs\\\/#website\"},\"datePublished\":\"2023-02-12T11:51:24+00:00\",\"dateModified\":\"2023-10-25T06:58:41+00:00\",\"breadcrumb\":{\"@id\":\"https:\\\/\\\/www.kekec.rs\\\/o-nama\\\/#breadcrumb\"},\"inLanguage\":\"sr-RS\",\"potentialAction\":[{\"@type\":\"ReadAction\",\"target\":[\"https:\\\/\\\/www.kekec.rs\\\/o-nama\\\/\"]}]},{\"@type\":\"BreadcrumbList\",\"@id\":\"https:\\\/\\\/www.kekec.rs\\\/o-nama\\\/#breadcrumb\",\"itemListElement\":[{\"@type\":\"ListItem\",\"position\":1,\"name\":\"Home\",\"item\":\"https:\\\/\\\/www.kekec.rs\\\/sr\\\/\"},{\"@type\":\"ListItem\",\"position\":2,\"name\":\"O nama\"}]},{\"@type\":\"WebSite\",\"@id\":\"https:\\\/\\\/www.kekec.rs\\\/#website\",\"url\":\"https:\\\/\\\/www.kekec.rs\\\/\",\"name\":\"Kekec\",\"description\":\"\",\"potentialAction\":[{\"@type\":\"SearchAction\",\"target\":{\"@type\":\"EntryPoint\",\"urlTemplate\":\"https:\\\/\\\/www.kekec.rs\\\/?s={search_term_string}\"},\"query-input\":{\"@type\":\"PropertyValueSpecification\",\"valueRequired\":true,\"valueName\":\"search_term_string\"}}],\"inLanguage\":\"sr-RS\"}]}<\/script>\n<!-- \/ Yoast SEO plugin. -->","yoast_head_json":{"title":"O nama - Kekec","robots":{"index":"index","follow":"follow","max-snippet":"max-snippet:-1","max-image-preview":"max-image-preview:large","max-video-preview":"max-video-preview:-1"},"canonical":"https:\/\/www.kekec.rs\/sr\/o-nama\/","og_locale":"sr_RS","og_type":"article","og_title":"O nama - Kekec","og_description":"O NamaDobrodo\u0161li na na\u0161u stranicu, va\u0161e odredi\u0161te za visokokvalitetne proizvode za umetni\u010dko stvaranje. Nudimo \u0161irok spektar masa za oblikovanje namenjen deci, \u0111acima, umetnicima, hobistima i za sve one koji \u017eele da stvaraju. Kekec je osnovan 1998. godine sa sedi\u0161tem u Gornjem Milanovcu, gradu u kome svaki proizvod dobije epitet \u201ebrend\u201c. Mi smo firma koja oblikuje [&hellip;]","og_url":"https:\/\/www.kekec.rs\/sr\/o-nama\/","og_site_name":"Kekec","article_modified_time":"2023-10-25T06:58:41+00:00","twitter_card":"summary_large_image","twitter_misc":{"\u041f\u0440\u043e\u0446\u0435\u045a\u0435\u043d\u043e \u0432\u0440\u0435\u043c\u0435 \u0447\u0438\u0442\u0430\u045a\u0430":"3 \u043c\u0438\u043d\u0443\u0442\u0430"},"schema":{"@context":"https:\/\/schema.org","@graph":[{"@type":"WebPage","@id":"https:\/\/www.kekec.rs\/o-nama\/","url":"https:\/\/www.kekec.rs\/o-nama\/","name":"O nama - Kekec","isPartOf":{"@id":"https:\/\/www.kekec.rs\/#website"},"datePublished":"2023-02-12T11:51:24+00:00","dateModified":"2023-10-25T06:58:41+00:00","breadcrumb":{"@id":"https:\/\/www.kekec.rs\/o-nama\/#breadcrumb"},"inLanguage":"sr-RS","potentialAction":[{"@type":"ReadAction","target":["https:\/\/www.kekec.rs\/o-nama\/"]}]},{"@type":"BreadcrumbList","@id":"https:\/\/www.kekec.rs\/o-nama\/#breadcrumb","itemListElement":[{"@type":"ListItem","position":1,"name":"Home","item":"https:\/\/www.kekec.rs\/sr\/"},{"@type":"ListItem","position":2,"name":"O nama"}]},{"@type":"WebSite","@id":"https:\/\/www.kekec.rs\/#website","url":"https:\/\/www.kekec.rs\/","name":"Kekec","description":"","potentialAction":[{"@type":"SearchAction","target":{"@type":"EntryPoint","urlTemplate":"https:\/\/www.kekec.rs\/?s={search_term_string}"},"query-input":{"@type":"PropertyValueSpecification","valueRequired":true,"valueName":"search_term_string"}}],"inLanguage":"sr-RS"}]}},"_links":{"self":[{"href":"https:\/\/www.kekec.rs\/sr\/wp-json\/wp\/v2\/pages\/37","targetHints":{"allow":["GET"]}}],"collection":[{"href":"https:\/\/www.kekec.rs\/sr\/wp-json\/wp\/v2\/pages"}],"about":[{"href":"https:\/\/www.kekec.rs\/sr\/wp-json\/wp\/v2\/types\/page"}],"author":[{"embeddable":true,"href":"https:\/\/www.kekec.rs\/sr\/wp-json\/wp\/v2\/users\/1"}],"replies":[{"embeddable":true,"href":"https:\/\/www.kekec.rs\/sr\/wp-json\/wp\/v2\/comments?post=37"}],"version-history":[{"count":19,"href":"https:\/\/www.kekec.rs\/sr\/wp-json\/wp\/v2\/pages\/37\/revisions"}],"predecessor-version":[{"id":1226,"href":"https:\/\/www.kekec.rs\/sr\/wp-json\/wp\/v2\/pages\/37\/revisions\/1226"}],"wp:attachment":[{"href":"https:\/\/www.kekec.rs\/sr\/wp-json\/wp\/v2\/media?parent=37"}],"curies":[{"name":"wp","href":"https:\/\/api.w.org\/{rel}","templated":true}]}}