{"id":39,"date":"2023-02-12T12:51:31","date_gmt":"2023-02-12T11:51:31","guid":{"rendered":"http:\/\/www.kekec.rs\/?page_id=39"},"modified":"2023-04-06T21:39:38","modified_gmt":"2023-04-06T20:39:38","slug":"kontakt","status":"publish","type":"page","link":"https:\/\/www.kekec.rs\/sr\/kontakt\/","title":{"rendered":"Kontakt"},"content":{"rendered":"<p>[et_pb_section fb_built=&#8220;1&#8243; custom_padding_last_edited=&#8220;on|phone&#8220; _builder_version=&#8220;4.20.2&#8243; _module_preset=&#8220;default&#8220; background_color=&#8220;#1bb4b9&#8243; custom_margin=&#8220;0px||0px||true|false&#8220; custom_padding=&#8220;50px||50px||true|false&#8220; custom_padding_tablet=&#8220;40px||40px||true|false&#8220; custom_padding_phone=&#8220;30px||30px||true|false&#8220; global_colors_info=&#8220;{}&#8220;][et_pb_row _builder_version=&#8220;4.20.0&#8243; _module_preset=&#8220;default&#8220; custom_margin=&#8220;0px||0px||true|false&#8220; custom_padding=&#8220;0px||0px||true|false&#8220; global_colors_info=&#8220;{}&#8220;][et_pb_column type=&#8220;4_4&#8243; _builder_version=&#8220;4.19.5&#8243; _module_preset=&#8220;default&#8220; global_colors_info=&#8220;{}&#8220;][et_pb_text _builder_version=&#8220;4.20.2&#8243; _module_preset=&#8220;default&#8220; header_2_font=&#8220;PP-Eiko Medium|500||on|||||&#8220; header_2_text_align=&#8220;center&#8220; header_2_text_color=&#8220;#FFFFFF&#8220; header_2_font_size=&#8220;60px&#8220; header_2_letter_spacing=&#8220;2px&#8220; custom_margin=&#8220;0px||0px||true|false&#8220; custom_padding=&#8220;0px||0px||true|false&#8220; header_2_font_size_tablet=&#8220;48px&#8220; header_2_font_size_phone=&#8220;36px&#8220; header_2_font_size_last_edited=&#8220;on|phone&#8220; global_colors_info=&#8220;{}&#8220;]<\/p>\n<h2>Kontakt<\/h2>\n<p>[\/et_pb_text][\/et_pb_column][\/et_pb_row][\/et_pb_section][et_pb_section fb_built=&#8220;1&#8243; custom_padding_last_edited=&#8220;on|phone&#8220; _builder_version=&#8220;4.20.2&#8243; _module_preset=&#8220;default&#8220; custom_margin=&#8220;0px||0px||true|false&#8220; custom_padding=&#8220;150px||150px||true|false&#8220; custom_padding_tablet=&#8220;100px||100px||true|false&#8220; custom_padding_phone=&#8220;60px||60px||true|false&#8220; top_divider_style=&#8220;waves2&#8243; top_divider_color=&#8220;#1bb4b9&#8243; top_divider_height=&#8220;80px&#8220; top_divider_flip=&#8220;horizontal|vertical&#8220; top_divider_height_tablet=&#8220;80px&#8220; top_divider_height_phone=&#8220;0px&#8220; top_divider_height_last_edited=&#8220;on|phone&#8220; global_colors_info=&#8220;{}&#8220;][et_pb_row _builder_version=&#8220;4.20.2&#8243; _module_preset=&#8220;default&#8220; custom_margin=&#8220;0px||0px||true|false&#8220; custom_padding=&#8220;0px||0px||true|false&#8220; global_colors_info=&#8220;{}&#8220;][et_pb_column type=&#8220;4_4&#8243; _builder_version=&#8220;4.20.0&#8243; _module_preset=&#8220;default&#8220; global_colors_info=&#8220;{}&#8220;][et_pb_text _builder_version=&#8220;4.20.1&#8243; _module_preset=&#8220;default&#8220; text_font=&#8220;Rubik|300|||||||&#8220; text_orientation=&#8220;center&#8220; global_colors_info=&#8220;{}&#8220;]<\/p>\n<p>Ako imate bilo kakva pitanja u vezi na\u0161ih proizvoda, \u017eelje za saradnjom ili jednostavno \u017eelite da nam po\u0161aljete poruku, ne ustru\u010davajte se da nas kontaktirate! Na\u0161 tim \u0107e vam rado pomo\u0107i i odgovoriti na sva va\u0161a pitanja.<\/p>\n<p>Tako\u0111e, ako ste roditelj ili staratelj koji brine o bezbednosti svog deteta, slobodno nam se obratite. Kekec je brend koji je posve\u0107en bezbednosti dece i sve na\u0161e proizvode rigorozno testiramo kako bi se osiguralo da su bezbedni za upotrebu.<\/p>\n<p>Hvala vam \u0161to ste posetili na\u0161u stranicu i nadamo se da \u0107emo imati priliku da sara\u0111ujemo u bliskoj budu\u0107nosti!<\/p>\n<p>[\/et_pb_text][et_pb_contact_form email=&#8220;info@kekec.rs&#8220; title=&#8220;Za sva dodatna pitanja, slobodno nas kontaktirajte&#8220; success_message=&#8220;Uspe\u0161no ste nas kontaktirali!&#8220; submit_button_text=&#8220;Po\u0161alji&#8220; _builder_version=&#8220;4.20.4&#8243; _module_preset=&#8220;default&#8220; _unique_id=&#8220;61e9ee0f-bb11-4683-af5b-6587810ec053&#8243; form_field_background_color=&#8220;RGBA(255,255,255,0)&#8220; form_field_focus_background_color=&#8220;RGBA(255,255,255,0)&#8220; form_field_focus_text_color=&#8220;#000000&#8243; title_font=&#8220;PP-Eiko Medium|100|||||||&#8220; title_text_align=&#8220;center&#8220; title_font_size=&#8220;30px&#8220; title_line_height=&#8220;1.4em&#8220; captcha_font=&#8220;Rubik|300|||||||&#8220; captcha_text_color=&#8220;#000000&#8243; captcha_letter_spacing=&#8220;2px&#8220; captcha_line_height=&#8220;1.4em&#8220; form_field_font=&#8220;Rubik||||||||&#8220; form_field_font_size=&#8220;20px&#8220; form_field_line_height=&#8220;1.4em&#8220; custom_button=&#8220;on&#8220; button_text_size=&#8220;14px&#8220; button_text_color=&#8220;#000000&#8243; button_bg_color=&#8220;RGBA(255,255,255,0)&#8220; button_border_width=&#8220;1px&#8220; button_border_color=&#8220;#000000&#8243; button_border_radius=&#8220;10px&#8220; button_letter_spacing=&#8220;2px&#8220; button_font=&#8220;Rubik|||on|||||&#8220; button_use_icon=&#8220;off&#8220; button_custom_padding=&#8220;15px|30px|15px|30px|true|true&#8220; custom_margin=&#8220;100px||||false|false&#8220; hover_enabled=&#8220;0&#8243; border_radii=&#8220;on|10px|10px|10px|10px&#8220; border_width_all=&#8220;1px&#8220; border_color_all=&#8220;#000000&#8243; global_colors_info=&#8220;{}&#8220; sticky_enabled=&#8220;0&#8243;][et_pb_contact_field field_id=&#8220;first-name&#8220; field_title=&#8220;Ime&#8220; _builder_version=&#8220;4.20.0&#8243; global_colors_info=&#8220;{}&#8220; button_text_size__hover_enabled=&#8220;off&#8220; button_one_text_size__hover_enabled=&#8220;off&#8220; button_two_text_size__hover_enabled=&#8220;off&#8220; button_text_color__hover_enabled=&#8220;off&#8220; button_one_text_color__hover_enabled=&#8220;off&#8220; button_two_text_color__hover_enabled=&#8220;off&#8220; button_border_width__hover_enabled=&#8220;off&#8220; button_one_border_width__hover_enabled=&#8220;off&#8220; button_two_border_width__hover_enabled=&#8220;off&#8220; button_border_color__hover_enabled=&#8220;off&#8220; button_one_border_color__hover_enabled=&#8220;off&#8220; button_two_border_color__hover_enabled=&#8220;off&#8220; button_border_radius__hover_enabled=&#8220;off&#8220; button_one_border_radius__hover_enabled=&#8220;off&#8220; button_two_border_radius__hover_enabled=&#8220;off&#8220; button_letter_spacing__hover_enabled=&#8220;off&#8220; button_one_letter_spacing__hover_enabled=&#8220;off&#8220; button_two_letter_spacing__hover_enabled=&#8220;off&#8220; button_bg_color__hover_enabled=&#8220;off&#8220; button_one_bg_color__hover_enabled=&#8220;off&#8220; button_two_bg_color__hover_enabled=&#8220;off&#8220;][\/et_pb_contact_field][et_pb_contact_field field_id=&#8220;last-name&#8220; field_title=&#8220;Prezime&#8220; _builder_version=&#8220;4.19.5&#8243; global_colors_info=&#8220;{}&#8220; button_text_size__hover_enabled=&#8220;off&#8220; button_one_text_size__hover_enabled=&#8220;off&#8220; button_two_text_size__hover_enabled=&#8220;off&#8220; button_text_color__hover_enabled=&#8220;off&#8220; button_one_text_color__hover_enabled=&#8220;off&#8220; button_two_text_color__hover_enabled=&#8220;off&#8220; button_border_width__hover_enabled=&#8220;off&#8220; button_one_border_width__hover_enabled=&#8220;off&#8220; button_two_border_width__hover_enabled=&#8220;off&#8220; button_border_color__hover_enabled=&#8220;off&#8220; button_one_border_color__hover_enabled=&#8220;off&#8220; button_two_border_color__hover_enabled=&#8220;off&#8220; button_border_radius__hover_enabled=&#8220;off&#8220; button_one_border_radius__hover_enabled=&#8220;off&#8220; button_two_border_radius__hover_enabled=&#8220;off&#8220; button_letter_spacing__hover_enabled=&#8220;off&#8220; button_one_letter_spacing__hover_enabled=&#8220;off&#8220; button_two_letter_spacing__hover_enabled=&#8220;off&#8220; button_bg_color__hover_enabled=&#8220;off&#8220; button_one_bg_color__hover_enabled=&#8220;off&#8220; button_two_bg_color__hover_enabled=&#8220;off&#8220;][\/et_pb_contact_field][et_pb_contact_field field_id=&#8220;email_address&#8220; field_title=&#8220;Email&#8220; fullwidth_field=&#8220;on&#8220; _builder_version=&#8220;4.20.2&#8243; global_colors_info=&#8220;{}&#8220; button_text_size__hover_enabled=&#8220;off&#8220; button_one_text_size__hover_enabled=&#8220;off&#8220; button_two_text_size__hover_enabled=&#8220;off&#8220; button_text_color__hover_enabled=&#8220;off&#8220; button_one_text_color__hover_enabled=&#8220;off&#8220; button_two_text_color__hover_enabled=&#8220;off&#8220; button_border_width__hover_enabled=&#8220;off&#8220; button_one_border_width__hover_enabled=&#8220;off&#8220; button_two_border_width__hover_enabled=&#8220;off&#8220; button_border_color__hover_enabled=&#8220;off&#8220; button_one_border_color__hover_enabled=&#8220;off&#8220; button_two_border_color__hover_enabled=&#8220;off&#8220; button_border_radius__hover_enabled=&#8220;off&#8220; button_one_border_radius__hover_enabled=&#8220;off&#8220; button_two_border_radius__hover_enabled=&#8220;off&#8220; button_letter_spacing__hover_enabled=&#8220;off&#8220; button_one_letter_spacing__hover_enabled=&#8220;off&#8220; button_two_letter_spacing__hover_enabled=&#8220;off&#8220; button_bg_color__hover_enabled=&#8220;off&#8220; button_one_bg_color__hover_enabled=&#8220;off&#8220; button_two_bg_color__hover_enabled=&#8220;off&#8220;][\/et_pb_contact_field][et_pb_contact_field field_id=&#8220;subject&#8220; field_title=&#8220;Naslov&#8220; fullwidth_field=&#8220;on&#8220; _builder_version=&#8220;4.20.4&#8243; hover_enabled=&#8220;0&#8243; global_colors_info=&#8220;{}&#8220; button_text_size__hover_enabled=&#8220;off&#8220; button_one_text_size__hover_enabled=&#8220;off&#8220; button_two_text_size__hover_enabled=&#8220;off&#8220; button_text_color__hover_enabled=&#8220;off&#8220; button_one_text_color__hover_enabled=&#8220;off&#8220; button_two_text_color__hover_enabled=&#8220;off&#8220; button_border_width__hover_enabled=&#8220;off&#8220; button_one_border_width__hover_enabled=&#8220;off&#8220; button_two_border_width__hover_enabled=&#8220;off&#8220; button_border_color__hover_enabled=&#8220;off&#8220; button_one_border_color__hover_enabled=&#8220;off&#8220; button_two_border_color__hover_enabled=&#8220;off&#8220; button_border_radius__hover_enabled=&#8220;off&#8220; button_one_border_radius__hover_enabled=&#8220;off&#8220; button_two_border_radius__hover_enabled=&#8220;off&#8220; button_letter_spacing__hover_enabled=&#8220;off&#8220; button_one_letter_spacing__hover_enabled=&#8220;off&#8220; button_two_letter_spacing__hover_enabled=&#8220;off&#8220; button_bg_color__hover_enabled=&#8220;off&#8220; button_one_bg_color__hover_enabled=&#8220;off&#8220; button_two_bg_color__hover_enabled=&#8220;off&#8220; sticky_enabled=&#8220;0&#8243;][\/et_pb_contact_field][et_pb_contact_field field_id=&#8220;Message&#8220; field_title=&#8220;Poruka&#8220; field_type=&#8220;text&#8220; fullwidth_field=&#8220;on&#8220; _builder_version=&#8220;4.20.4&#8243; hover_enabled=&#8220;0&#8243; global_colors_info=&#8220;{}&#8220; button_text_size__hover_enabled=&#8220;off&#8220; button_one_text_size__hover_enabled=&#8220;off&#8220; button_two_text_size__hover_enabled=&#8220;off&#8220; button_text_color__hover_enabled=&#8220;off&#8220; button_one_text_color__hover_enabled=&#8220;off&#8220; button_two_text_color__hover_enabled=&#8220;off&#8220; button_border_width__hover_enabled=&#8220;off&#8220; button_one_border_width__hover_enabled=&#8220;off&#8220; button_two_border_width__hover_enabled=&#8220;off&#8220; button_border_color__hover_enabled=&#8220;off&#8220; button_one_border_color__hover_enabled=&#8220;off&#8220; button_two_border_color__hover_enabled=&#8220;off&#8220; button_border_radius__hover_enabled=&#8220;off&#8220; button_one_border_radius__hover_enabled=&#8220;off&#8220; button_two_border_radius__hover_enabled=&#8220;off&#8220; button_letter_spacing__hover_enabled=&#8220;off&#8220; button_one_letter_spacing__hover_enabled=&#8220;off&#8220; button_two_letter_spacing__hover_enabled=&#8220;off&#8220; button_bg_color__hover_enabled=&#8220;off&#8220; button_one_bg_color__hover_enabled=&#8220;off&#8220; button_two_bg_color__hover_enabled=&#8220;off&#8220; sticky_enabled=&#8220;0&#8243;][\/et_pb_contact_field][\/et_pb_contact_form][\/et_pb_column][\/et_pb_row][et_pb_row _builder_version=&#8220;4.20.2&#8243; _module_preset=&#8220;default&#8220; custom_margin=&#8220;||0px||false|false&#8220; custom_padding=&#8220;||0px||false|false&#8220; global_colors_info=&#8220;{}&#8220;][et_pb_column type=&#8220;4_4&#8243; _builder_version=&#8220;4.20.0&#8243; _module_preset=&#8220;default&#8220; global_colors_info=&#8220;{}&#8220;][et_pb_text _builder_version=&#8220;4.20.2&#8243; _module_preset=&#8220;default&#8220; text_font=&#8220;Rubik|300|||||||&#8220; header_3_font=&#8220;PP-Eiko Medium||||||||&#8220; header_3_font_size=&#8220;40px&#8220; text_orientation=&#8220;center&#8220; global_colors_info=&#8220;{}&#8220;]<\/p>\n<p>Kekec ZTR<\/p>\n<p><span>Desimira Jovovica 5<\/span><\/p>\n<p>PJ Bra\u0107e Radojevi\u0107 88a<\/p>\n<p>32300 Gornji Milanovac, Srbija<\/p>\n<p>Tel: +381 32 717 650<\/p>\n<p>Tel: +381 32 713 178<\/p>\n<p>info@kekec.rs<\/p>\n<p>[\/et_pb_text][\/et_pb_column][\/et_pb_row][\/et_pb_section]<\/p>\n","protected":false},"excerpt":{"rendered":"<p>KontaktAko imate bilo kakva pitanja u vezi na\u0161ih proizvoda, \u017eelje za saradnjom ili jednostavno \u017eelite da nam po\u0161aljete poruku, ne ustru\u010davajte se da nas kontaktirate! Na\u0161 tim \u0107e vam rado pomo\u0107i i odgovoriti na sva va\u0161a pitanja. Tako\u0111e, ako ste roditelj ili staratelj koji brine o bezbednosti svog deteta, slobodno nam se obratite. Kekec je [&hellip;]<\/p>\n","protected":false},"author":1,"featured_media":0,"parent":0,"menu_order":0,"comment_status":"closed","ping_status":"closed","template":"","meta":{"_et_pb_use_builder":"on","_et_pb_old_content":"<!-- wp:divi\/placeholder \/-->","_et_gb_content_width":"","inline_featured_image":false,"footnotes":""},"class_list":["post-39","page","type-page","status-publish","hentry"],"acf":[],"yoast_head":"<!-- This site is optimized with the Yoast SEO plugin v27.4 - https:\/\/yoast.com\/product\/yoast-seo-wordpress\/ -->\n<title>Kontakt - Kekec<\/title>\n<meta name=\"robots\" content=\"index, follow, max-snippet:-1, max-image-preview:large, max-video-preview:-1\" \/>\n<link rel=\"canonical\" href=\"https:\/\/www.kekec.rs\/sr\/kontakt\/\" \/>\n<meta property=\"og:locale\" content=\"sr_RS\" \/>\n<meta property=\"og:type\" content=\"article\" \/>\n<meta property=\"og:title\" content=\"Kontakt - Kekec\" \/>\n<meta property=\"og:description\" content=\"KontaktAko imate bilo kakva pitanja u vezi na\u0161ih proizvoda, \u017eelje za saradnjom ili jednostavno \u017eelite da nam po\u0161aljete poruku, ne ustru\u010davajte se da nas kontaktirate! Na\u0161 tim \u0107e vam rado pomo\u0107i i odgovoriti na sva va\u0161a pitanja. Tako\u0111e, ako ste roditelj ili staratelj koji brine o bezbednosti svog deteta, slobodno nam se obratite. Kekec je [&hellip;]\" \/>\n<meta property=\"og:url\" content=\"https:\/\/www.kekec.rs\/sr\/kontakt\/\" \/>\n<meta property=\"og:site_name\" content=\"Kekec\" \/>\n<meta property=\"article:modified_time\" content=\"2023-04-06T20:39:38+00:00\" \/>\n<meta name=\"twitter:card\" content=\"summary_large_image\" \/>\n<meta name=\"twitter:label1\" content=\"\u041f\u0440\u043e\u0446\u0435\u045a\u0435\u043d\u043e \u0432\u0440\u0435\u043c\u0435 \u0447\u0438\u0442\u0430\u045a\u0430\" \/>\n\t<meta name=\"twitter:data1\" content=\"7 \u043c\u0438\u043d\u0443\u0442\u0430\" \/>\n<script type=\"application\/ld+json\" class=\"yoast-schema-graph\">{\"@context\":\"https:\\\/\\\/schema.org\",\"@graph\":[{\"@type\":\"WebPage\",\"@id\":\"https:\\\/\\\/www.kekec.rs\\\/kontakt\\\/\",\"url\":\"https:\\\/\\\/www.kekec.rs\\\/kontakt\\\/\",\"name\":\"Kontakt - Kekec\",\"isPartOf\":{\"@id\":\"https:\\\/\\\/www.kekec.rs\\\/#website\"},\"datePublished\":\"2023-02-12T11:51:31+00:00\",\"dateModified\":\"2023-04-06T20:39:38+00:00\",\"breadcrumb\":{\"@id\":\"https:\\\/\\\/www.kekec.rs\\\/kontakt\\\/#breadcrumb\"},\"inLanguage\":\"sr-RS\",\"potentialAction\":[{\"@type\":\"ReadAction\",\"target\":[\"https:\\\/\\\/www.kekec.rs\\\/kontakt\\\/\"]}]},{\"@type\":\"BreadcrumbList\",\"@id\":\"https:\\\/\\\/www.kekec.rs\\\/kontakt\\\/#breadcrumb\",\"itemListElement\":[{\"@type\":\"ListItem\",\"position\":1,\"name\":\"Home\",\"item\":\"https:\\\/\\\/www.kekec.rs\\\/sr\\\/\"},{\"@type\":\"ListItem\",\"position\":2,\"name\":\"Kontakt\"}]},{\"@type\":\"WebSite\",\"@id\":\"https:\\\/\\\/www.kekec.rs\\\/#website\",\"url\":\"https:\\\/\\\/www.kekec.rs\\\/\",\"name\":\"Kekec\",\"description\":\"\",\"potentialAction\":[{\"@type\":\"SearchAction\",\"target\":{\"@type\":\"EntryPoint\",\"urlTemplate\":\"https:\\\/\\\/www.kekec.rs\\\/?s={search_term_string}\"},\"query-input\":{\"@type\":\"PropertyValueSpecification\",\"valueRequired\":true,\"valueName\":\"search_term_string\"}}],\"inLanguage\":\"sr-RS\"}]}<\/script>\n<!-- \/ Yoast SEO plugin. -->","yoast_head_json":{"title":"Kontakt - Kekec","robots":{"index":"index","follow":"follow","max-snippet":"max-snippet:-1","max-image-preview":"max-image-preview:large","max-video-preview":"max-video-preview:-1"},"canonical":"https:\/\/www.kekec.rs\/sr\/kontakt\/","og_locale":"sr_RS","og_type":"article","og_title":"Kontakt - Kekec","og_description":"KontaktAko imate bilo kakva pitanja u vezi na\u0161ih proizvoda, \u017eelje za saradnjom ili jednostavno \u017eelite da nam po\u0161aljete poruku, ne ustru\u010davajte se da nas kontaktirate! Na\u0161 tim \u0107e vam rado pomo\u0107i i odgovoriti na sva va\u0161a pitanja. Tako\u0111e, ako ste roditelj ili staratelj koji brine o bezbednosti svog deteta, slobodno nam se obratite. Kekec je [&hellip;]","og_url":"https:\/\/www.kekec.rs\/sr\/kontakt\/","og_site_name":"Kekec","article_modified_time":"2023-04-06T20:39:38+00:00","twitter_card":"summary_large_image","twitter_misc":{"\u041f\u0440\u043e\u0446\u0435\u045a\u0435\u043d\u043e \u0432\u0440\u0435\u043c\u0435 \u0447\u0438\u0442\u0430\u045a\u0430":"7 \u043c\u0438\u043d\u0443\u0442\u0430"},"schema":{"@context":"https:\/\/schema.org","@graph":[{"@type":"WebPage","@id":"https:\/\/www.kekec.rs\/kontakt\/","url":"https:\/\/www.kekec.rs\/kontakt\/","name":"Kontakt - Kekec","isPartOf":{"@id":"https:\/\/www.kekec.rs\/#website"},"datePublished":"2023-02-12T11:51:31+00:00","dateModified":"2023-04-06T20:39:38+00:00","breadcrumb":{"@id":"https:\/\/www.kekec.rs\/kontakt\/#breadcrumb"},"inLanguage":"sr-RS","potentialAction":[{"@type":"ReadAction","target":["https:\/\/www.kekec.rs\/kontakt\/"]}]},{"@type":"BreadcrumbList","@id":"https:\/\/www.kekec.rs\/kontakt\/#breadcrumb","itemListElement":[{"@type":"ListItem","position":1,"name":"Home","item":"https:\/\/www.kekec.rs\/sr\/"},{"@type":"ListItem","position":2,"name":"Kontakt"}]},{"@type":"WebSite","@id":"https:\/\/www.kekec.rs\/#website","url":"https:\/\/www.kekec.rs\/","name":"Kekec","description":"","potentialAction":[{"@type":"SearchAction","target":{"@type":"EntryPoint","urlTemplate":"https:\/\/www.kekec.rs\/?s={search_term_string}"},"query-input":{"@type":"PropertyValueSpecification","valueRequired":true,"valueName":"search_term_string"}}],"inLanguage":"sr-RS"}]}},"_links":{"self":[{"href":"https:\/\/www.kekec.rs\/sr\/wp-json\/wp\/v2\/pages\/39","targetHints":{"allow":["GET"]}}],"collection":[{"href":"https:\/\/www.kekec.rs\/sr\/wp-json\/wp\/v2\/pages"}],"about":[{"href":"https:\/\/www.kekec.rs\/sr\/wp-json\/wp\/v2\/types\/page"}],"author":[{"embeddable":true,"href":"https:\/\/www.kekec.rs\/sr\/wp-json\/wp\/v2\/users\/1"}],"replies":[{"embeddable":true,"href":"https:\/\/www.kekec.rs\/sr\/wp-json\/wp\/v2\/comments?post=39"}],"version-history":[{"count":38,"href":"https:\/\/www.kekec.rs\/sr\/wp-json\/wp\/v2\/pages\/39\/revisions"}],"predecessor-version":[{"id":1184,"href":"https:\/\/www.kekec.rs\/sr\/wp-json\/wp\/v2\/pages\/39\/revisions\/1184"}],"wp:attachment":[{"href":"https:\/\/www.kekec.rs\/sr\/wp-json\/wp\/v2\/media?parent=39"}],"curies":[{"name":"wp","href":"https:\/\/api.w.org\/{rel}","templated":true}]}}