{"id":1315,"date":"2025-04-21T11:51:26","date_gmt":"2025-04-21T10:51:26","guid":{"rendered":"https:\/\/www.kekec.rs\/?post_type=product&#038;p=1315"},"modified":"2025-04-21T12:26:31","modified_gmt":"2025-04-21T11:26:31","slug":"kidolino-mini-joy-8-1","status":"publish","type":"product","link":"https:\/\/www.kekec.rs\/sr\/product\/kidolino-mini-joy-8-1\/","title":{"rendered":"Kidolino Mini Joy 8\/1"},"content":{"rendered":"<p>Kidolino je mekana masa za oblikovanje namenjena deci, \u0111acima namjla\u0111ih razreda, ali je mogu koristiti i oni koji vole da se bave umetno\u0161\u0107u i kreaitvnim projektima. Svojom finom strukturom omogu\u0107ava lako oblikovanje i podsti\u010de razvoj motori\u010dkih sposobnosti kod dece. Kidolino masa za oblikovanje je ekolo\u0161ki proizvod, neotrovan i proizveden od prirodnih materijala. Kidolino se mo\u017ee me\u0161ati i dobijati druge boje ili nijanse postoje\u0107ih boja. Kidolino se su\u0161i na vazduhu, pa je potrebno \u010duvati ga u hermeti\u010dki zatvorenoj ambala\u017ei.<\/p>\n","protected":false},"excerpt":{"rendered":"<ul>\n<li>8 boje<\/li>\n<li>Te\u017eina 480g<\/li>\n<li>Super mekana masa<\/li>\n<li>Lako se oblikuje<\/li>\n<li>Prijatnog mirisa<\/li>\n<li>Ne lepi se za prste<\/li>\n<li>Boja ne ostaje na prstima<\/li>\n<li>Boje se mogu me\u0161ati<\/li>\n<li>Su\u0161i se na vazduhu<\/li>\n<li>Neotrovan<\/li>\n<li>Za decu iznad 3 godine i \u0111ake mla\u0111ih razreda<\/li>\n<\/ul>\n","protected":false},"featured_media":1316,"comment_status":"open","ping_status":"closed","template":"","meta":{"_et_pb_use_builder":"","_et_pb_old_content":"","_et_gb_content_width":"","inline_featured_image":false},"product_brand":[],"product_cat":[19],"product_tag":[],"class_list":{"0":"post-1315","1":"product","2":"type-product","3":"status-publish","4":"has-post-thumbnail","6":"product_cat-kidolino","8":"first","9":"instock","10":"shipping-taxable","11":"product-type-simple"},"acf":[],"yoast_head":"<!-- This site is optimized with the Yoast SEO plugin v27.4 - https:\/\/yoast.com\/product\/yoast-seo-wordpress\/ -->\n<title>Kidolino Mini Joy 8\/1 - Kekec<\/title>\n<meta name=\"robots\" content=\"index, follow, max-snippet:-1, max-image-preview:large, max-video-preview:-1\" \/>\n<link rel=\"canonical\" href=\"https:\/\/www.kekec.rs\/sr\/product\/kidolino-mini-joy-8-1\/\" \/>\n<meta property=\"og:locale\" content=\"sr_RS\" \/>\n<meta property=\"og:type\" content=\"article\" \/>\n<meta property=\"og:title\" content=\"Kidolino Mini Joy 8\/1 - Kekec\" \/>\n<meta property=\"og:description\" content=\"8 boje     Te\u017eina 480g  Super mekana masa  Lako se oblikuje  Prijatnog mirisa  Ne lepi se za prste  Boja ne ostaje na prstima  Boje se mogu me\u0161ati  Su\u0161i se na vazduhu  Neotrovan     Za decu iznad 3 godine i \u0111ake mla\u0111ih razreda\" \/>\n<meta property=\"og:url\" content=\"https:\/\/www.kekec.rs\/sr\/product\/kidolino-mini-joy-8-1\/\" \/>\n<meta property=\"og:site_name\" content=\"Kekec\" \/>\n<meta property=\"article:modified_time\" content=\"2025-04-21T11:26:31+00:00\" \/>\n<meta property=\"og:image\" content=\"https:\/\/www.kekec.rs\/wp-content\/uploads\/2025\/04\/Kid.-MiniJoy-8-colors.jpg\" \/>\n\t<meta property=\"og:image:width\" content=\"1134\" \/>\n\t<meta property=\"og:image:height\" content=\"754\" \/>\n\t<meta property=\"og:image:type\" content=\"image\/jpeg\" \/>\n<meta name=\"twitter:card\" content=\"summary_large_image\" \/>\n<meta name=\"twitter:label1\" content=\"\u041f\u0440\u043e\u0446\u0435\u045a\u0435\u043d\u043e \u0432\u0440\u0435\u043c\u0435 \u0447\u0438\u0442\u0430\u045a\u0430\" \/>\n\t<meta name=\"twitter:data1\" content=\"1 \u043c\u0438\u043d\u0443\u0442\" \/>\n<script type=\"application\/ld+json\" class=\"yoast-schema-graph\">{\"@context\":\"https:\\\/\\\/schema.org\",\"@graph\":[{\"@type\":\"WebPage\",\"@id\":\"https:\\\/\\\/www.kekec.rs\\\/product\\\/kidolino-mini-joy-8-1\\\/\",\"url\":\"https:\\\/\\\/www.kekec.rs\\\/product\\\/kidolino-mini-joy-8-1\\\/\",\"name\":\"Kidolino Mini Joy 8\\\/1 - Kekec\",\"isPartOf\":{\"@id\":\"https:\\\/\\\/www.kekec.rs\\\/#website\"},\"primaryImageOfPage\":{\"@id\":\"https:\\\/\\\/www.kekec.rs\\\/product\\\/kidolino-mini-joy-8-1\\\/#primaryimage\"},\"image\":{\"@id\":\"https:\\\/\\\/www.kekec.rs\\\/product\\\/kidolino-mini-joy-8-1\\\/#primaryimage\"},\"thumbnailUrl\":\"https:\\\/\\\/www.kekec.rs\\\/wp-content\\\/uploads\\\/2025\\\/04\\\/Kid.-MiniJoy-8-colors.jpg\",\"datePublished\":\"2025-04-21T10:51:26+00:00\",\"dateModified\":\"2025-04-21T11:26:31+00:00\",\"breadcrumb\":{\"@id\":\"https:\\\/\\\/www.kekec.rs\\\/product\\\/kidolino-mini-joy-8-1\\\/#breadcrumb\"},\"inLanguage\":\"sr-RS\",\"potentialAction\":[{\"@type\":\"ReadAction\",\"target\":[\"https:\\\/\\\/www.kekec.rs\\\/product\\\/kidolino-mini-joy-8-1\\\/\"]}]},{\"@type\":\"ImageObject\",\"inLanguage\":\"sr-RS\",\"@id\":\"https:\\\/\\\/www.kekec.rs\\\/product\\\/kidolino-mini-joy-8-1\\\/#primaryimage\",\"url\":\"https:\\\/\\\/www.kekec.rs\\\/wp-content\\\/uploads\\\/2025\\\/04\\\/Kid.-MiniJoy-8-colors.jpg\",\"contentUrl\":\"https:\\\/\\\/www.kekec.rs\\\/wp-content\\\/uploads\\\/2025\\\/04\\\/Kid.-MiniJoy-8-colors.jpg\",\"width\":1134,\"height\":754},{\"@type\":\"BreadcrumbList\",\"@id\":\"https:\\\/\\\/www.kekec.rs\\\/product\\\/kidolino-mini-joy-8-1\\\/#breadcrumb\",\"itemListElement\":[{\"@type\":\"ListItem\",\"position\":1,\"name\":\"Home\",\"item\":\"https:\\\/\\\/www.kekec.rs\\\/sr\\\/\"},{\"@type\":\"ListItem\",\"position\":2,\"name\":\"Shop\",\"item\":\"https:\\\/\\\/www.kekec.rs\\\/shop\\\/\"},{\"@type\":\"ListItem\",\"position\":3,\"name\":\"Kidolino Mini Joy 8\\\/1\"}]},{\"@type\":\"WebSite\",\"@id\":\"https:\\\/\\\/www.kekec.rs\\\/#website\",\"url\":\"https:\\\/\\\/www.kekec.rs\\\/\",\"name\":\"Kekec\",\"description\":\"\",\"potentialAction\":[{\"@type\":\"SearchAction\",\"target\":{\"@type\":\"EntryPoint\",\"urlTemplate\":\"https:\\\/\\\/www.kekec.rs\\\/?s={search_term_string}\"},\"query-input\":{\"@type\":\"PropertyValueSpecification\",\"valueRequired\":true,\"valueName\":\"search_term_string\"}}],\"inLanguage\":\"sr-RS\"}]}<\/script>\n<!-- \/ Yoast SEO plugin. -->","yoast_head_json":{"title":"Kidolino Mini Joy 8\/1 - Kekec","robots":{"index":"index","follow":"follow","max-snippet":"max-snippet:-1","max-image-preview":"max-image-preview:large","max-video-preview":"max-video-preview:-1"},"canonical":"https:\/\/www.kekec.rs\/sr\/product\/kidolino-mini-joy-8-1\/","og_locale":"sr_RS","og_type":"article","og_title":"Kidolino Mini Joy 8\/1 - Kekec","og_description":"8 boje     Te\u017eina 480g  Super mekana masa  Lako se oblikuje  Prijatnog mirisa  Ne lepi se za prste  Boja ne ostaje na prstima  Boje se mogu me\u0161ati  Su\u0161i se na vazduhu  Neotrovan     Za decu iznad 3 godine i \u0111ake mla\u0111ih razreda","og_url":"https:\/\/www.kekec.rs\/sr\/product\/kidolino-mini-joy-8-1\/","og_site_name":"Kekec","article_modified_time":"2025-04-21T11:26:31+00:00","og_image":[{"width":1134,"height":754,"url":"https:\/\/www.kekec.rs\/wp-content\/uploads\/2025\/04\/Kid.-MiniJoy-8-colors.jpg","type":"image\/jpeg"}],"twitter_card":"summary_large_image","twitter_misc":{"\u041f\u0440\u043e\u0446\u0435\u045a\u0435\u043d\u043e \u0432\u0440\u0435\u043c\u0435 \u0447\u0438\u0442\u0430\u045a\u0430":"1 \u043c\u0438\u043d\u0443\u0442"},"schema":{"@context":"https:\/\/schema.org","@graph":[{"@type":"WebPage","@id":"https:\/\/www.kekec.rs\/product\/kidolino-mini-joy-8-1\/","url":"https:\/\/www.kekec.rs\/product\/kidolino-mini-joy-8-1\/","name":"Kidolino Mini Joy 8\/1 - Kekec","isPartOf":{"@id":"https:\/\/www.kekec.rs\/#website"},"primaryImageOfPage":{"@id":"https:\/\/www.kekec.rs\/product\/kidolino-mini-joy-8-1\/#primaryimage"},"image":{"@id":"https:\/\/www.kekec.rs\/product\/kidolino-mini-joy-8-1\/#primaryimage"},"thumbnailUrl":"https:\/\/www.kekec.rs\/wp-content\/uploads\/2025\/04\/Kid.-MiniJoy-8-colors.jpg","datePublished":"2025-04-21T10:51:26+00:00","dateModified":"2025-04-21T11:26:31+00:00","breadcrumb":{"@id":"https:\/\/www.kekec.rs\/product\/kidolino-mini-joy-8-1\/#breadcrumb"},"inLanguage":"sr-RS","potentialAction":[{"@type":"ReadAction","target":["https:\/\/www.kekec.rs\/product\/kidolino-mini-joy-8-1\/"]}]},{"@type":"ImageObject","inLanguage":"sr-RS","@id":"https:\/\/www.kekec.rs\/product\/kidolino-mini-joy-8-1\/#primaryimage","url":"https:\/\/www.kekec.rs\/wp-content\/uploads\/2025\/04\/Kid.-MiniJoy-8-colors.jpg","contentUrl":"https:\/\/www.kekec.rs\/wp-content\/uploads\/2025\/04\/Kid.-MiniJoy-8-colors.jpg","width":1134,"height":754},{"@type":"BreadcrumbList","@id":"https:\/\/www.kekec.rs\/product\/kidolino-mini-joy-8-1\/#breadcrumb","itemListElement":[{"@type":"ListItem","position":1,"name":"Home","item":"https:\/\/www.kekec.rs\/sr\/"},{"@type":"ListItem","position":2,"name":"Shop","item":"https:\/\/www.kekec.rs\/shop\/"},{"@type":"ListItem","position":3,"name":"Kidolino Mini Joy 8\/1"}]},{"@type":"WebSite","@id":"https:\/\/www.kekec.rs\/#website","url":"https:\/\/www.kekec.rs\/","name":"Kekec","description":"","potentialAction":[{"@type":"SearchAction","target":{"@type":"EntryPoint","urlTemplate":"https:\/\/www.kekec.rs\/?s={search_term_string}"},"query-input":{"@type":"PropertyValueSpecification","valueRequired":true,"valueName":"search_term_string"}}],"inLanguage":"sr-RS"}]}},"_links":{"self":[{"href":"https:\/\/www.kekec.rs\/sr\/wp-json\/wp\/v2\/product\/1315","targetHints":{"allow":["GET"]}}],"collection":[{"href":"https:\/\/www.kekec.rs\/sr\/wp-json\/wp\/v2\/product"}],"about":[{"href":"https:\/\/www.kekec.rs\/sr\/wp-json\/wp\/v2\/types\/product"}],"replies":[{"embeddable":true,"href":"https:\/\/www.kekec.rs\/sr\/wp-json\/wp\/v2\/comments?post=1315"}],"wp:featuredmedia":[{"embeddable":true,"href":"https:\/\/www.kekec.rs\/sr\/wp-json\/wp\/v2\/media\/1316"}],"wp:attachment":[{"href":"https:\/\/www.kekec.rs\/sr\/wp-json\/wp\/v2\/media?parent=1315"}],"wp:term":[{"taxonomy":"product_brand","embeddable":true,"href":"https:\/\/www.kekec.rs\/sr\/wp-json\/wp\/v2\/product_brand?post=1315"},{"taxonomy":"product_cat","embeddable":true,"href":"https:\/\/www.kekec.rs\/sr\/wp-json\/wp\/v2\/product_cat?post=1315"},{"taxonomy":"product_tag","embeddable":true,"href":"https:\/\/www.kekec.rs\/sr\/wp-json\/wp\/v2\/product_tag?post=1315"}],"curies":[{"name":"wp","href":"https:\/\/api.w.org\/{rel}","templated":true}]}}