{"id":532,"date":"2023-02-23T20:19:36","date_gmt":"2023-02-23T19:19:36","guid":{"rendered":"http:\/\/www.kekec.rs\/?post_type=product&#038;p=532"},"modified":"2025-04-21T12:16:26","modified_gmt":"2025-04-21T11:16:26","slug":"glinamol-500g","status":"publish","type":"product","link":"https:\/\/www.kekec.rs\/sr\/product\/glinamol-500g\/","title":{"rendered":"Glinamol 500g"},"content":{"rendered":"<p>Kekec glinamol je masa za oblikovanje proizvedena na bazi gline. Predmeti i figure se najbolje oblikuju vla\u017enim rukama i alatima za modeliranje. Su\u0161i se na vazduhu, na sobnoj temperaturi i bez pe\u010denja dobija trajnu \u010dvrstinu. Vreme su\u0161enja je od 24h do 48h. Prilikom oblikovanja i su\u0161enja Kekec glinamol se ne lomi i ne puca, pa je pogodan kako za hobiste, tako i za decu \u0161kolskog uzrasta. Nakon su\u0161enja figure i predmeti od Kekec glinamola se mogu brusiti, lakirati, bojiti. Glinamol \u010duvati u hermeti\u010dko zatvorenoj ambala\u017ei.<\/p>\n","protected":false},"excerpt":{"rendered":"<ul>\n<li>Masa za modelovanje<\/li>\n<li>Te\u017eina 500g<\/li>\n<li>Lako se oblikuje vla\u017enim rukama i alatima za modeliranje<\/li>\n<li>Su\u0161i se na vazduhu, na sobnoj temperaturi i bez pe\u010denja dobija trajnu \u010dvrstinu<\/li>\n<li>Vreme su\u0161enja od 24h do 48h<\/li>\n<li>Nakon su\u0161enja se moze polirati, lakirati, bojiti<\/li>\n<li>Namenjena za hobiste i u nastavne svrhe u \u0161kolama<\/li>\n<li>Rok upotrebe: neograni\u010den u zatvorenoj originalnoj ambala\u017ei<\/li>\n<li>Neotrovno<\/li>\n<li>Dostupna u beloj i terakota boji<\/li>\n<\/ul>\n","protected":false},"featured_media":1292,"comment_status":"open","ping_status":"closed","template":"","meta":{"_et_pb_use_builder":"","_et_pb_old_content":"","_et_gb_content_width":"","inline_featured_image":false},"product_brand":[],"product_cat":[22],"product_tag":[],"class_list":{"0":"post-532","1":"product","2":"type-product","3":"status-publish","4":"has-post-thumbnail","6":"product_cat-glinamol","8":"first","9":"instock","10":"shipping-taxable","11":"product-type-simple"},"acf":[],"yoast_head":"<!-- This site is optimized with the Yoast SEO plugin v27.4 - https:\/\/yoast.com\/product\/yoast-seo-wordpress\/ -->\n<title>Glinamol 500g - Kekec<\/title>\n<meta name=\"robots\" content=\"index, follow, max-snippet:-1, max-image-preview:large, max-video-preview:-1\" \/>\n<link rel=\"canonical\" href=\"https:\/\/www.kekec.rs\/sr\/product\/glinamol-500g\/\" \/>\n<meta property=\"og:locale\" content=\"sr_RS\" \/>\n<meta property=\"og:type\" content=\"article\" \/>\n<meta property=\"og:title\" content=\"Glinamol 500g - Kekec\" \/>\n<meta property=\"og:description\" content=\"Masa za modelovanje   Te\u017eina 500g   Lako se oblikuje vla\u017enim rukama i alatima za modeliranje   Su\u0161i se na vazduhu, na sobnoj temperaturi i bez pe\u010denja dobija trajnu \u010dvrstinu   Vreme su\u0161enja od 24h do 48h   Nakon su\u0161enja se moze polirati, lakirati, bojiti   Namenjena za hobiste i u nastavne svrhe u \u0161kolama   Rok upotrebe: neograni\u010den u zatvorenoj originalnoj ambala\u017ei   Neotrovno   Dostupna u beloj i terakota boji\" \/>\n<meta property=\"og:url\" content=\"https:\/\/www.kekec.rs\/sr\/product\/glinamol-500g\/\" \/>\n<meta property=\"og:site_name\" content=\"Kekec\" \/>\n<meta property=\"article:modified_time\" content=\"2025-04-21T11:16:26+00:00\" \/>\n<meta property=\"og:image\" content=\"https:\/\/www.kekec.rs\/wp-content\/uploads\/2023\/02\/Glinamol-500g_2-scaled.jpg\" \/>\n\t<meta property=\"og:image:width\" content=\"2560\" \/>\n\t<meta property=\"og:image:height\" content=\"1709\" \/>\n\t<meta property=\"og:image:type\" content=\"image\/jpeg\" \/>\n<meta name=\"twitter:card\" content=\"summary_large_image\" \/>\n<meta name=\"twitter:label1\" content=\"\u041f\u0440\u043e\u0446\u0435\u045a\u0435\u043d\u043e \u0432\u0440\u0435\u043c\u0435 \u0447\u0438\u0442\u0430\u045a\u0430\" \/>\n\t<meta name=\"twitter:data1\" content=\"1 \u043c\u0438\u043d\u0443\u0442\" \/>\n<script type=\"application\/ld+json\" class=\"yoast-schema-graph\">{\"@context\":\"https:\\\/\\\/schema.org\",\"@graph\":[{\"@type\":\"WebPage\",\"@id\":\"https:\\\/\\\/www.kekec.rs\\\/product\\\/glinamol-500g\\\/\",\"url\":\"https:\\\/\\\/www.kekec.rs\\\/product\\\/glinamol-500g\\\/\",\"name\":\"Glinamol 500g - Kekec\",\"isPartOf\":{\"@id\":\"https:\\\/\\\/www.kekec.rs\\\/#website\"},\"primaryImageOfPage\":{\"@id\":\"https:\\\/\\\/www.kekec.rs\\\/product\\\/glinamol-500g\\\/#primaryimage\"},\"image\":{\"@id\":\"https:\\\/\\\/www.kekec.rs\\\/product\\\/glinamol-500g\\\/#primaryimage\"},\"thumbnailUrl\":\"https:\\\/\\\/www.kekec.rs\\\/wp-content\\\/uploads\\\/2023\\\/02\\\/Glinamol-500g_2-scaled.jpg\",\"datePublished\":\"2023-02-23T19:19:36+00:00\",\"dateModified\":\"2025-04-21T11:16:26+00:00\",\"breadcrumb\":{\"@id\":\"https:\\\/\\\/www.kekec.rs\\\/product\\\/glinamol-500g\\\/#breadcrumb\"},\"inLanguage\":\"sr-RS\",\"potentialAction\":[{\"@type\":\"ReadAction\",\"target\":[\"https:\\\/\\\/www.kekec.rs\\\/product\\\/glinamol-500g\\\/\"]}]},{\"@type\":\"ImageObject\",\"inLanguage\":\"sr-RS\",\"@id\":\"https:\\\/\\\/www.kekec.rs\\\/product\\\/glinamol-500g\\\/#primaryimage\",\"url\":\"https:\\\/\\\/www.kekec.rs\\\/wp-content\\\/uploads\\\/2023\\\/02\\\/Glinamol-500g_2-scaled.jpg\",\"contentUrl\":\"https:\\\/\\\/www.kekec.rs\\\/wp-content\\\/uploads\\\/2023\\\/02\\\/Glinamol-500g_2-scaled.jpg\",\"width\":2560,\"height\":1709},{\"@type\":\"BreadcrumbList\",\"@id\":\"https:\\\/\\\/www.kekec.rs\\\/product\\\/glinamol-500g\\\/#breadcrumb\",\"itemListElement\":[{\"@type\":\"ListItem\",\"position\":1,\"name\":\"Home\",\"item\":\"https:\\\/\\\/www.kekec.rs\\\/sr\\\/\"},{\"@type\":\"ListItem\",\"position\":2,\"name\":\"Shop\",\"item\":\"https:\\\/\\\/www.kekec.rs\\\/shop\\\/\"},{\"@type\":\"ListItem\",\"position\":3,\"name\":\"Glinamol 500g\"}]},{\"@type\":\"WebSite\",\"@id\":\"https:\\\/\\\/www.kekec.rs\\\/#website\",\"url\":\"https:\\\/\\\/www.kekec.rs\\\/\",\"name\":\"Kekec\",\"description\":\"\",\"potentialAction\":[{\"@type\":\"SearchAction\",\"target\":{\"@type\":\"EntryPoint\",\"urlTemplate\":\"https:\\\/\\\/www.kekec.rs\\\/?s={search_term_string}\"},\"query-input\":{\"@type\":\"PropertyValueSpecification\",\"valueRequired\":true,\"valueName\":\"search_term_string\"}}],\"inLanguage\":\"sr-RS\"}]}<\/script>\n<!-- \/ Yoast SEO plugin. -->","yoast_head_json":{"title":"Glinamol 500g - Kekec","robots":{"index":"index","follow":"follow","max-snippet":"max-snippet:-1","max-image-preview":"max-image-preview:large","max-video-preview":"max-video-preview:-1"},"canonical":"https:\/\/www.kekec.rs\/sr\/product\/glinamol-500g\/","og_locale":"sr_RS","og_type":"article","og_title":"Glinamol 500g - Kekec","og_description":"Masa za modelovanje   Te\u017eina 500g   Lako se oblikuje vla\u017enim rukama i alatima za modeliranje   Su\u0161i se na vazduhu, na sobnoj temperaturi i bez pe\u010denja dobija trajnu \u010dvrstinu   Vreme su\u0161enja od 24h do 48h   Nakon su\u0161enja se moze polirati, lakirati, bojiti   Namenjena za hobiste i u nastavne svrhe u \u0161kolama   Rok upotrebe: neograni\u010den u zatvorenoj originalnoj ambala\u017ei   Neotrovno   Dostupna u beloj i terakota boji","og_url":"https:\/\/www.kekec.rs\/sr\/product\/glinamol-500g\/","og_site_name":"Kekec","article_modified_time":"2025-04-21T11:16:26+00:00","og_image":[{"width":2560,"height":1709,"url":"https:\/\/www.kekec.rs\/wp-content\/uploads\/2023\/02\/Glinamol-500g_2-scaled.jpg","type":"image\/jpeg"}],"twitter_card":"summary_large_image","twitter_misc":{"\u041f\u0440\u043e\u0446\u0435\u045a\u0435\u043d\u043e \u0432\u0440\u0435\u043c\u0435 \u0447\u0438\u0442\u0430\u045a\u0430":"1 \u043c\u0438\u043d\u0443\u0442"},"schema":{"@context":"https:\/\/schema.org","@graph":[{"@type":"WebPage","@id":"https:\/\/www.kekec.rs\/product\/glinamol-500g\/","url":"https:\/\/www.kekec.rs\/product\/glinamol-500g\/","name":"Glinamol 500g - Kekec","isPartOf":{"@id":"https:\/\/www.kekec.rs\/#website"},"primaryImageOfPage":{"@id":"https:\/\/www.kekec.rs\/product\/glinamol-500g\/#primaryimage"},"image":{"@id":"https:\/\/www.kekec.rs\/product\/glinamol-500g\/#primaryimage"},"thumbnailUrl":"https:\/\/www.kekec.rs\/wp-content\/uploads\/2023\/02\/Glinamol-500g_2-scaled.jpg","datePublished":"2023-02-23T19:19:36+00:00","dateModified":"2025-04-21T11:16:26+00:00","breadcrumb":{"@id":"https:\/\/www.kekec.rs\/product\/glinamol-500g\/#breadcrumb"},"inLanguage":"sr-RS","potentialAction":[{"@type":"ReadAction","target":["https:\/\/www.kekec.rs\/product\/glinamol-500g\/"]}]},{"@type":"ImageObject","inLanguage":"sr-RS","@id":"https:\/\/www.kekec.rs\/product\/glinamol-500g\/#primaryimage","url":"https:\/\/www.kekec.rs\/wp-content\/uploads\/2023\/02\/Glinamol-500g_2-scaled.jpg","contentUrl":"https:\/\/www.kekec.rs\/wp-content\/uploads\/2023\/02\/Glinamol-500g_2-scaled.jpg","width":2560,"height":1709},{"@type":"BreadcrumbList","@id":"https:\/\/www.kekec.rs\/product\/glinamol-500g\/#breadcrumb","itemListElement":[{"@type":"ListItem","position":1,"name":"Home","item":"https:\/\/www.kekec.rs\/sr\/"},{"@type":"ListItem","position":2,"name":"Shop","item":"https:\/\/www.kekec.rs\/shop\/"},{"@type":"ListItem","position":3,"name":"Glinamol 500g"}]},{"@type":"WebSite","@id":"https:\/\/www.kekec.rs\/#website","url":"https:\/\/www.kekec.rs\/","name":"Kekec","description":"","potentialAction":[{"@type":"SearchAction","target":{"@type":"EntryPoint","urlTemplate":"https:\/\/www.kekec.rs\/?s={search_term_string}"},"query-input":{"@type":"PropertyValueSpecification","valueRequired":true,"valueName":"search_term_string"}}],"inLanguage":"sr-RS"}]}},"_links":{"self":[{"href":"https:\/\/www.kekec.rs\/sr\/wp-json\/wp\/v2\/product\/532","targetHints":{"allow":["GET"]}}],"collection":[{"href":"https:\/\/www.kekec.rs\/sr\/wp-json\/wp\/v2\/product"}],"about":[{"href":"https:\/\/www.kekec.rs\/sr\/wp-json\/wp\/v2\/types\/product"}],"replies":[{"embeddable":true,"href":"https:\/\/www.kekec.rs\/sr\/wp-json\/wp\/v2\/comments?post=532"}],"wp:featuredmedia":[{"embeddable":true,"href":"https:\/\/www.kekec.rs\/sr\/wp-json\/wp\/v2\/media\/1292"}],"wp:attachment":[{"href":"https:\/\/www.kekec.rs\/sr\/wp-json\/wp\/v2\/media?parent=532"}],"wp:term":[{"taxonomy":"product_brand","embeddable":true,"href":"https:\/\/www.kekec.rs\/sr\/wp-json\/wp\/v2\/product_brand?post=532"},{"taxonomy":"product_cat","embeddable":true,"href":"https:\/\/www.kekec.rs\/sr\/wp-json\/wp\/v2\/product_cat?post=532"},{"taxonomy":"product_tag","embeddable":true,"href":"https:\/\/www.kekec.rs\/sr\/wp-json\/wp\/v2\/product_tag?post=532"}],"curies":[{"name":"wp","href":"https:\/\/api.w.org\/{rel}","templated":true}]}}