{"id":536,"date":"2023-02-23T20:23:55","date_gmt":"2023-02-23T19:23:55","guid":{"rendered":"http:\/\/www.kekec.rs\/?post_type=product&#038;p=536"},"modified":"2025-04-21T12:15:46","modified_gmt":"2025-04-21T11:15:46","slug":"plastelin-flex-8-1","status":"publish","type":"product","link":"https:\/\/www.kekec.rs\/sr\/product\/plastelin-flex-8-1\/","title":{"rendered":"Plastelin Flex 8\/1"},"content":{"rendered":"<p>Kekec plastelin je idealan po\u010detak za stvaranje magije. Namenjen je za decu \u0161kolskog uzrasta i prete\u017eno se koristi u nastavnim aktivnostima i de\u010djim radionicama. Kekec plastelin je proizveden na bazi visoko kvalitetnih voskova, pa se figure i predmeti ne su\u0161e na vazduhu, \u0161to omogu\u0107ava naknadno oblikovanje, doradu i ponovno kori\u0161\u0107enje istog plastelina. Kekec plastelin je neotrovan i ima neograni\u010den rok trajanja.<\/p>\n","protected":false},"excerpt":{"rendered":"<ul>\n<li>Plastelin flex 8 boja<\/li>\n<li>Te\u017eina 100g<\/li>\n<li>Za \u0161kolski uzrast<\/li>\n<li>Prijatnog mirisa<\/li>\n<li>Ne su\u0161i se na vazduhu<\/li>\n<li>Boja ne ostaje na prstima<\/li>\n<li>Rok trajanja neograni\u010den<\/li>\n<li>\u010cuvati na temperaturi do 30 \u2103<\/li>\n<li>Neotrovan<\/li>\n<\/ul>\n","protected":false},"featured_media":652,"comment_status":"open","ping_status":"closed","template":"","meta":{"_et_pb_use_builder":"","_et_pb_old_content":"","_et_gb_content_width":"","inline_featured_image":false},"product_brand":[],"product_cat":[20],"product_tag":[],"class_list":{"0":"post-536","1":"product","2":"type-product","3":"status-publish","4":"has-post-thumbnail","6":"product_cat-plastelin","8":"first","9":"instock","10":"shipping-taxable","11":"product-type-simple"},"acf":[],"yoast_head":"<!-- This site is optimized with the Yoast SEO plugin v27.4 - https:\/\/yoast.com\/product\/yoast-seo-wordpress\/ -->\n<title>Plastelin Flex 8\/1 - Kekec<\/title>\n<meta name=\"robots\" content=\"index, follow, max-snippet:-1, max-image-preview:large, max-video-preview:-1\" \/>\n<link rel=\"canonical\" href=\"https:\/\/www.kekec.rs\/sr\/product\/plastelin-flex-8-1\/\" \/>\n<meta property=\"og:locale\" content=\"sr_RS\" \/>\n<meta property=\"og:type\" content=\"article\" \/>\n<meta property=\"og:title\" content=\"Plastelin Flex 8\/1 - Kekec\" \/>\n<meta property=\"og:description\" content=\"Plastelin flex 8 boja  Te\u017eina 100g  Za \u0161kolski uzrast  Prijatnog mirisa  Ne su\u0161i se na vazduhu  Boja ne ostaje na prstima  Rok trajanja neograni\u010den  \u010cuvati na temperaturi do 30 \u2103  Neotrovan\" \/>\n<meta property=\"og:url\" content=\"https:\/\/www.kekec.rs\/sr\/product\/plastelin-flex-8-1\/\" \/>\n<meta property=\"og:site_name\" content=\"Kekec\" \/>\n<meta property=\"article:modified_time\" content=\"2025-04-21T11:15:46+00:00\" \/>\n<meta property=\"og:image\" content=\"https:\/\/www.kekec.rs\/wp-content\/uploads\/2023\/02\/Plastelin-flex-8.jpg\" \/>\n\t<meta property=\"og:image:width\" content=\"900\" \/>\n\t<meta property=\"og:image:height\" content=\"900\" \/>\n\t<meta property=\"og:image:type\" content=\"image\/jpeg\" \/>\n<meta name=\"twitter:card\" content=\"summary_large_image\" \/>\n<meta name=\"twitter:label1\" content=\"\u041f\u0440\u043e\u0446\u0435\u045a\u0435\u043d\u043e \u0432\u0440\u0435\u043c\u0435 \u0447\u0438\u0442\u0430\u045a\u0430\" \/>\n\t<meta name=\"twitter:data1\" content=\"1 \u043c\u0438\u043d\u0443\u0442\" \/>\n<script type=\"application\/ld+json\" class=\"yoast-schema-graph\">{\"@context\":\"https:\\\/\\\/schema.org\",\"@graph\":[{\"@type\":\"WebPage\",\"@id\":\"https:\\\/\\\/www.kekec.rs\\\/product\\\/plastelin-flex-8-1\\\/\",\"url\":\"https:\\\/\\\/www.kekec.rs\\\/product\\\/plastelin-flex-8-1\\\/\",\"name\":\"Plastelin Flex 8\\\/1 - Kekec\",\"isPartOf\":{\"@id\":\"https:\\\/\\\/www.kekec.rs\\\/#website\"},\"primaryImageOfPage\":{\"@id\":\"https:\\\/\\\/www.kekec.rs\\\/product\\\/plastelin-flex-8-1\\\/#primaryimage\"},\"image\":{\"@id\":\"https:\\\/\\\/www.kekec.rs\\\/product\\\/plastelin-flex-8-1\\\/#primaryimage\"},\"thumbnailUrl\":\"https:\\\/\\\/www.kekec.rs\\\/wp-content\\\/uploads\\\/2023\\\/02\\\/Plastelin-flex-8.jpg\",\"datePublished\":\"2023-02-23T19:23:55+00:00\",\"dateModified\":\"2025-04-21T11:15:46+00:00\",\"breadcrumb\":{\"@id\":\"https:\\\/\\\/www.kekec.rs\\\/product\\\/plastelin-flex-8-1\\\/#breadcrumb\"},\"inLanguage\":\"sr-RS\",\"potentialAction\":[{\"@type\":\"ReadAction\",\"target\":[\"https:\\\/\\\/www.kekec.rs\\\/product\\\/plastelin-flex-8-1\\\/\"]}]},{\"@type\":\"ImageObject\",\"inLanguage\":\"sr-RS\",\"@id\":\"https:\\\/\\\/www.kekec.rs\\\/product\\\/plastelin-flex-8-1\\\/#primaryimage\",\"url\":\"https:\\\/\\\/www.kekec.rs\\\/wp-content\\\/uploads\\\/2023\\\/02\\\/Plastelin-flex-8.jpg\",\"contentUrl\":\"https:\\\/\\\/www.kekec.rs\\\/wp-content\\\/uploads\\\/2023\\\/02\\\/Plastelin-flex-8.jpg\",\"width\":900,\"height\":900},{\"@type\":\"BreadcrumbList\",\"@id\":\"https:\\\/\\\/www.kekec.rs\\\/product\\\/plastelin-flex-8-1\\\/#breadcrumb\",\"itemListElement\":[{\"@type\":\"ListItem\",\"position\":1,\"name\":\"Home\",\"item\":\"https:\\\/\\\/www.kekec.rs\\\/sr\\\/\"},{\"@type\":\"ListItem\",\"position\":2,\"name\":\"Shop\",\"item\":\"https:\\\/\\\/www.kekec.rs\\\/shop\\\/\"},{\"@type\":\"ListItem\",\"position\":3,\"name\":\"Plastelin Flex 8\\\/1\"}]},{\"@type\":\"WebSite\",\"@id\":\"https:\\\/\\\/www.kekec.rs\\\/#website\",\"url\":\"https:\\\/\\\/www.kekec.rs\\\/\",\"name\":\"Kekec\",\"description\":\"\",\"potentialAction\":[{\"@type\":\"SearchAction\",\"target\":{\"@type\":\"EntryPoint\",\"urlTemplate\":\"https:\\\/\\\/www.kekec.rs\\\/?s={search_term_string}\"},\"query-input\":{\"@type\":\"PropertyValueSpecification\",\"valueRequired\":true,\"valueName\":\"search_term_string\"}}],\"inLanguage\":\"sr-RS\"}]}<\/script>\n<!-- \/ Yoast SEO plugin. -->","yoast_head_json":{"title":"Plastelin Flex 8\/1 - Kekec","robots":{"index":"index","follow":"follow","max-snippet":"max-snippet:-1","max-image-preview":"max-image-preview:large","max-video-preview":"max-video-preview:-1"},"canonical":"https:\/\/www.kekec.rs\/sr\/product\/plastelin-flex-8-1\/","og_locale":"sr_RS","og_type":"article","og_title":"Plastelin Flex 8\/1 - Kekec","og_description":"Plastelin flex 8 boja  Te\u017eina 100g  Za \u0161kolski uzrast  Prijatnog mirisa  Ne su\u0161i se na vazduhu  Boja ne ostaje na prstima  Rok trajanja neograni\u010den  \u010cuvati na temperaturi do 30 \u2103  Neotrovan","og_url":"https:\/\/www.kekec.rs\/sr\/product\/plastelin-flex-8-1\/","og_site_name":"Kekec","article_modified_time":"2025-04-21T11:15:46+00:00","og_image":[{"width":900,"height":900,"url":"https:\/\/www.kekec.rs\/wp-content\/uploads\/2023\/02\/Plastelin-flex-8.jpg","type":"image\/jpeg"}],"twitter_card":"summary_large_image","twitter_misc":{"\u041f\u0440\u043e\u0446\u0435\u045a\u0435\u043d\u043e \u0432\u0440\u0435\u043c\u0435 \u0447\u0438\u0442\u0430\u045a\u0430":"1 \u043c\u0438\u043d\u0443\u0442"},"schema":{"@context":"https:\/\/schema.org","@graph":[{"@type":"WebPage","@id":"https:\/\/www.kekec.rs\/product\/plastelin-flex-8-1\/","url":"https:\/\/www.kekec.rs\/product\/plastelin-flex-8-1\/","name":"Plastelin Flex 8\/1 - Kekec","isPartOf":{"@id":"https:\/\/www.kekec.rs\/#website"},"primaryImageOfPage":{"@id":"https:\/\/www.kekec.rs\/product\/plastelin-flex-8-1\/#primaryimage"},"image":{"@id":"https:\/\/www.kekec.rs\/product\/plastelin-flex-8-1\/#primaryimage"},"thumbnailUrl":"https:\/\/www.kekec.rs\/wp-content\/uploads\/2023\/02\/Plastelin-flex-8.jpg","datePublished":"2023-02-23T19:23:55+00:00","dateModified":"2025-04-21T11:15:46+00:00","breadcrumb":{"@id":"https:\/\/www.kekec.rs\/product\/plastelin-flex-8-1\/#breadcrumb"},"inLanguage":"sr-RS","potentialAction":[{"@type":"ReadAction","target":["https:\/\/www.kekec.rs\/product\/plastelin-flex-8-1\/"]}]},{"@type":"ImageObject","inLanguage":"sr-RS","@id":"https:\/\/www.kekec.rs\/product\/plastelin-flex-8-1\/#primaryimage","url":"https:\/\/www.kekec.rs\/wp-content\/uploads\/2023\/02\/Plastelin-flex-8.jpg","contentUrl":"https:\/\/www.kekec.rs\/wp-content\/uploads\/2023\/02\/Plastelin-flex-8.jpg","width":900,"height":900},{"@type":"BreadcrumbList","@id":"https:\/\/www.kekec.rs\/product\/plastelin-flex-8-1\/#breadcrumb","itemListElement":[{"@type":"ListItem","position":1,"name":"Home","item":"https:\/\/www.kekec.rs\/sr\/"},{"@type":"ListItem","position":2,"name":"Shop","item":"https:\/\/www.kekec.rs\/shop\/"},{"@type":"ListItem","position":3,"name":"Plastelin Flex 8\/1"}]},{"@type":"WebSite","@id":"https:\/\/www.kekec.rs\/#website","url":"https:\/\/www.kekec.rs\/","name":"Kekec","description":"","potentialAction":[{"@type":"SearchAction","target":{"@type":"EntryPoint","urlTemplate":"https:\/\/www.kekec.rs\/?s={search_term_string}"},"query-input":{"@type":"PropertyValueSpecification","valueRequired":true,"valueName":"search_term_string"}}],"inLanguage":"sr-RS"}]}},"_links":{"self":[{"href":"https:\/\/www.kekec.rs\/sr\/wp-json\/wp\/v2\/product\/536","targetHints":{"allow":["GET"]}}],"collection":[{"href":"https:\/\/www.kekec.rs\/sr\/wp-json\/wp\/v2\/product"}],"about":[{"href":"https:\/\/www.kekec.rs\/sr\/wp-json\/wp\/v2\/types\/product"}],"replies":[{"embeddable":true,"href":"https:\/\/www.kekec.rs\/sr\/wp-json\/wp\/v2\/comments?post=536"}],"wp:featuredmedia":[{"embeddable":true,"href":"https:\/\/www.kekec.rs\/sr\/wp-json\/wp\/v2\/media\/652"}],"wp:attachment":[{"href":"https:\/\/www.kekec.rs\/sr\/wp-json\/wp\/v2\/media?parent=536"}],"wp:term":[{"taxonomy":"product_brand","embeddable":true,"href":"https:\/\/www.kekec.rs\/sr\/wp-json\/wp\/v2\/product_brand?post=536"},{"taxonomy":"product_cat","embeddable":true,"href":"https:\/\/www.kekec.rs\/sr\/wp-json\/wp\/v2\/product_cat?post=536"},{"taxonomy":"product_tag","embeddable":true,"href":"https:\/\/www.kekec.rs\/sr\/wp-json\/wp\/v2\/product_tag?post=536"}],"curies":[{"name":"wp","href":"https:\/\/api.w.org\/{rel}","templated":true}]}}